{"id":3387,"date":"2013-06-27T14:33:55","date_gmt":"2013-06-27T12:33:55","guid":{"rendered":"http:\/\/fifties-horror.de\/?page_id=3387"},"modified":"2014-06-04T15:20:19","modified_gmt":"2014-06-04T13:20:19","slug":"fifties-art","status":"publish","type":"page","link":"http:\/\/fifties-horror.de\/?page_id=3387","title":{"rendered":"FIFTIES ART"},"content":{"rendered":"<p>Dieser Men\u00fcpunkt versammelt Videoclips und Diaschauen, die sich den <strong>grafischen Aspekten alter Comics<\/strong> widmen.<\/p>\n<p style=\"text-align: right\"><em>Ich hoffe, im Lauf der n\u00e4chsten Monate weitere Clips zu finden (bzw. selbst noch zu produzieren)\u2026<\/em><\/p>\n<p>&nbsp;<\/p>\n<h3 style=\"text-align: center\">Masters of the Golden Age \u2013 Jack Cole<\/h3>\n<p>Dieser h\u00fcbsch animierte 3-Minuten-Clip von Scott Saunders verschafft einen \u00dcberblick \u00fcber das Artwork des Zeichners Jack Cole.<br \/>\nSeine Horrorgeschichten kommen hier NICHT explizit vor, aber die gezeigten Beispiele (auch aus den \u201ecrime comics\u201c der 40er Jahre) lassen<br \/>\nColes Talent f\u00fcr spannungsgeladene Bilder deutlich werden.<\/p>\n<p><iframe loading=\"lazy\" title=\"Masters of the Golden Age - Jack Cole\" src=\"https:\/\/player.vimeo.com\/video\/97078490?dnt=1&amp;app_id=122963\" width=\"625\" height=\"352\" frameborder=\"0\" allow=\"autoplay; fullscreen; picture-in-picture; clipboard-write\"><\/iframe><\/p>\n<p>&nbsp;<\/p>\n<h3 style=\"text-align: center\">\u00a050er Jahre Comics in Makro-Fotografie<\/h3>\n<p>Der K\u00f6lner Fotograf Jo Kirchherr hat Hefte aus meiner Sammlung hochaufl\u00f6send abgenommen. Aus <strong>vielen Dutzend interessanten Details<\/strong><br \/>\nhaben wir anschlie\u00dfend eine Diaschau erstellt, die auf faszinierende Weise den Druck und die Papierbeschaffenheit dieser alten Billighefte hervorbringt. Computerfachmann Dirk Nett hat erg\u00e4nzend einige Effekte hinein komponiert.<br \/>\nHier geht es weniger um Horrorbilder als um die Pr\u00e4sentation grafischer Klischees, die Dokumentation charmanter M\u00e4ngel und das Staunen \u00fcber die Zeitlosigkeit von (Werbe-)Slogans und sonstiger visueller Versatzst\u00fccke.<\/p>\n<p>Diese &#8222;Diaschau&#8220; pr\u00e4sentiert Details aus Originalheften der fr\u00fchen 1950er Jahre.<br \/>\nDas <strong>holzhaltige Papier<\/strong> (der sogenannte &#8222;pulp&#8220;) \u00fcberrascht mit seiner groben Struktur.<br \/>\nDie gro\u00dffl\u00e4chige Kolorierung bezaubert durch <strong>grellbunte Prim\u00e4rfarben<\/strong>.<br \/>\nDer <strong>verwaschene Druck<\/strong> tr\u00e4gt mit seiner Klumpigkeit zum nostalgischen Charme dieser popkulturellen Produkte bei.<\/p>\n<p><iframe loading=\"lazy\" title=\"1950s Comics Art (16:10)\" width=\"625\" height=\"469\" src=\"https:\/\/www.youtube.com\/embed\/Az8KykWAQWw?feature=oembed\" frameborder=\"0\" allow=\"accelerometer; autoplay; clipboard-write; encrypted-media; gyroscope; picture-in-picture; web-share\" referrerpolicy=\"strict-origin-when-cross-origin\" allowfullscreen><\/iframe><\/p>\n<div class=\"elastic-video\"><\/div>\n","protected":false},"excerpt":{"rendered":"<p>Dieser Men\u00fcpunkt versammelt Videoclips und Diaschauen, die sich den grafischen Aspekten alter Comics widmen. Ich hoffe, im Lauf der n\u00e4chsten Monate weitere Clips zu finden (bzw. selbst noch zu produzieren)\u2026 &nbsp; Masters of the Golden Age \u2013 Jack Cole Dieser h\u00fcbsch animierte 3-Minuten-Clip von Scott Saunders verschafft einen \u00dcberblick \u00fcber das Artwork des Zeichners Jack [&hellip;]<\/p>\n","protected":false},"author":4,"featured_media":0,"parent":0,"menu_order":111,"comment_status":"closed","ping_status":"closed","template":"page-templates\/full-width.php","meta":{"footnotes":""},"_links":{"self":[{"href":"http:\/\/fifties-horror.de\/index.php?rest_route=\/wp\/v2\/pages\/3387"}],"collection":[{"href":"http:\/\/fifties-horror.de\/index.php?rest_route=\/wp\/v2\/pages"}],"about":[{"href":"http:\/\/fifties-horror.de\/index.php?rest_route=\/wp\/v2\/types\/page"}],"author":[{"embeddable":true,"href":"http:\/\/fifties-horror.de\/index.php?rest_route=\/wp\/v2\/users\/4"}],"replies":[{"embeddable":true,"href":"http:\/\/fifties-horror.de\/index.php?rest_route=%2Fwp%2Fv2%2Fcomments&post=3387"}],"version-history":[{"count":0,"href":"http:\/\/fifties-horror.de\/index.php?rest_route=\/wp\/v2\/pages\/3387\/revisions"}],"wp:attachment":[{"href":"http:\/\/fifties-horror.de\/index.php?rest_route=%2Fwp%2Fv2%2Fmedia&parent=3387"}],"curies":[{"name":"wp","href":"https:\/\/api.w.org\/{rel}","templated":true}]}}