{"id":3623,"date":"2013-08-06T11:57:28","date_gmt":"2013-08-06T09:57:28","guid":{"rendered":"http:\/\/fifties-horror.de\/?page_id=3623"},"modified":"2013-08-06T15:05:21","modified_gmt":"2013-08-06T13:05:21","slug":"20-formeln-fuer-horror","status":"publish","type":"page","link":"http:\/\/fifties-horror.de\/?page_id=3623","title":{"rendered":"20 Formeln f\u00fcr Horror"},"content":{"rendered":"<p>Beim Studium dieser Comichefte f\u00e4llt auf, dass immer wiederkehrende Grundmuster im Horrorgenre existieren. Ich mache hiermit mal folgende \u201eSchubladen\u201c auf (in Klammern sind die Protagonisten der Geschichten genannt):<\/p>\n<p><img loading=\"lazy\" decoding=\"async\" class=\"alignleft size-full wp-image-1293\" title=\"DevilsAllyKlein\" alt=\"\" src=\"http:\/\/fifties-horror.de\/filecollection\/2011\/05\/DevilsAllyKlein.jpg\" width=\"355\" height=\"336\" srcset=\"http:\/\/fifties-horror.de\/filecollection\/2011\/05\/DevilsAllyKlein.jpg 355w, http:\/\/fifties-horror.de\/filecollection\/2011\/05\/DevilsAllyKlein-300x283.jpg 300w\" sizes=\"(max-width: 355px) 100vw, 355px\" \/><strong> <\/strong><\/p>\n<p><strong>PAKT MIT DEM TEUFEL oder: VORSICHT VOR DEM KLEINGEDRUCKTEN<\/strong><\/p>\n<p>(Satanisten \/ Lebensm\u00fcde \/ Leichtsinnige)<\/p>\n<p><strong>VERR\u00dcCKTE WISSENSCHAFT oder: NICHTS IST UNM\u00d6GLICH<\/strong><\/p>\n<p>(Irre Wissenschaftler \/ Dimensionswandler \/ Androiden \/ Mutanten \/ Supermenschen \/ Ausnahmechirurgen)<\/p>\n<p><strong>GEFAHRENVOLLES VOLK oder: DER ZIRKUS KOMMT IN DIE STADT<\/strong><\/p>\n<p>(Artisten \/ Freaks \/ Zauberer \/ Schausteller\/ Clowns)<img loading=\"lazy\" decoding=\"async\" class=\"size-full wp-image-1292 alignright\" title=\"ArtsKlein\" alt=\"\" src=\"http:\/\/fifties-horror.de\/filecollection\/2011\/05\/ArtsKlein.jpg\" width=\"351\" height=\"336\" srcset=\"http:\/\/fifties-horror.de\/filecollection\/2011\/05\/ArtsKlein.jpg 351w, http:\/\/fifties-horror.de\/filecollection\/2011\/05\/ArtsKlein-300x287.jpg 300w\" sizes=\"(max-width: 351px) 100vw, 351px\" \/><\/p>\n<p><strong>UNHEIMLICHE KUNST oder: ART DOES NOT PAY<\/strong><\/p>\n<p>(Kunstmaler \/ Bildhauer \/ T\u00e4nzer \/ Musiker)<\/p>\n<p><strong>SZENEN EINER EHE oder: BIS DER TOD UNS SCHEIDET <\/strong><\/p>\n<p>(Ehem\u00e4nner \/ Ehefrauen \/ Rivalen \/ Heiratsschwindler \/ Vamps \/ Waisenkinder)<\/p>\n<p><strong>KLARES FOULSPIEL oder: RACHE IST BLUTWURST<\/strong><\/p>\n<p>(Sportler \/ Unternehmer \/ Politiker \/ K\u00f6che \/ Metzger \/ Heimbetreiber \/ Trapper und Fallensteller)<\/p>\n<p><img loading=\"lazy\" decoding=\"async\" class=\"alignleft size-full wp-image-1294\" title=\"RageToKillKlein\" alt=\"\" src=\"http:\/\/fifties-horror.de\/filecollection\/2011\/05\/RageToKillKlein.jpg\" width=\"351\" height=\"336\" srcset=\"http:\/\/fifties-horror.de\/filecollection\/2011\/05\/RageToKillKlein.jpg 351w, http:\/\/fifties-horror.de\/filecollection\/2011\/05\/RageToKillKlein-300x287.jpg 300w\" sizes=\"(max-width: 351px) 100vw, 351px\" \/><\/p>\n<p><strong>WERWOLF BEI NACHT oder: EINE HAARIGE ANGELEGENHEIT<\/strong><\/p>\n<p>(Werw\u00f6lfe \/ Monds\u00fcchtige)<\/p>\n<p><strong>SEEMANNSGARN oder: \u201eFLIEGENDER HOLL\u00c4NDER\u201c, EINFACHE FAHRT<\/strong><\/p>\n<p>(Seeleute \/ Piraten \/ Schatztaucher \/ Meerjungfrauen \/ Meeresungeheuer)<\/p>\n<p><strong>VOODOO-ZAUBER oder: LIEBLING, ICH HABE DIE K\u00d6PFE GESCHRUMPFT<\/strong><\/p>\n<p>(Abenteurer \/ Menschenh\u00e4ndler \/ Medizinm\u00e4nner \/ Kannibalen)<\/p>\n<p><strong>FRIEDHOFSTOURISMUS oder: COMEBACK ALS ZOMBIE<\/strong><\/p>\n<p>(Zombies \/ Mordopfer \/ Skelette \/ Guillotinierte \/ Ghule \/ Bestatter \/ Totengr\u00e4ber<img loading=\"lazy\" decoding=\"async\" class=\"alignright size-full wp-image-1295\" title=\"CorpseKlein\" alt=\"\" src=\"http:\/\/fifties-horror.de\/filecollection\/2011\/05\/CorpseKlein.jpg\" width=\"354\" height=\"336\" srcset=\"http:\/\/fifties-horror.de\/filecollection\/2011\/05\/CorpseKlein.jpg 354w, http:\/\/fifties-horror.de\/filecollection\/2011\/05\/CorpseKlein-300x284.jpg 300w\" sizes=\"(max-width: 354px) 100vw, 354px\" \/>)<\/p>\n<p><strong>J\u00c4GERLATEIN oder: BESTIE IN MENSCHENGESTALT<\/strong><\/p>\n<p>(Gro\u00dfwildj\u00e4ger \/ Troph\u00e4ensammler \/ Tierqu\u00e4ler)<\/p>\n<p><strong>LICHT AM ENDE DES TUNNELS oder: TOT, ABER IGNORANT <\/strong><\/p>\n<p>(Kriminelle \/ Unfallopfer \/ Todeskandidaten)<\/p>\n<p><strong>FL\u00dcCHE &amp; HEXENWERK oder: EHRFURCHT VOR SCHNEEWEISSEN HAAREN<\/strong><\/p>\n<p>(Hexen \/ D\u00e4monen \/ Rache<img loading=\"lazy\" decoding=\"async\" class=\"alignleft size-full wp-image-1297\" title=\"LastWordKlein\" alt=\"\" src=\"http:\/\/fifties-horror.de\/filecollection\/2011\/05\/LastWordKlein.jpg\" width=\"336\" height=\"338\" srcset=\"http:\/\/fifties-horror.de\/filecollection\/2011\/05\/LastWordKlein.jpg 336w, http:\/\/fifties-horror.de\/filecollection\/2011\/05\/LastWordKlein-150x150.jpg 150w, http:\/\/fifties-horror.de\/filecollection\/2011\/05\/LastWordKlein-298x300.jpg 298w\" sizes=\"(max-width: 336px) 100vw, 336px\" \/>geister \/ Besessene \/ Exorzisten)<strong> <\/strong><\/p>\n<p><strong>GESPALTENE PERS\u00d6NLICHKEITEN oder: DIE IM DUNKELN SIEHT MAN NICHT<\/strong><\/p>\n<p>(Wahnsinnige \/ Jekylls &amp; Hydes \/ siamesische Zwillinge)<\/p>\n<p><strong>TANZ DER VAMPIRE oder: BLUT IST EIN GANZ BESONDERER SAFT<\/strong><\/p>\n<p>(Vampire)<\/p>\n<p><strong>PUPPEN MIT EIGENLEBEN oder: MEIN BAUCH GEH\u00d6RT MIR<\/strong><\/p>\n<p>(Puppenspieler \/ Bauchredner \/ Marionetten)<\/p>\n<p><img loading=\"lazy\" decoding=\"async\" class=\"alignright size-full wp-image-1296\" title=\"FiendsFromCryptKlein\" alt=\"\" src=\"http:\/\/fifties-horror.de\/filecollection\/2011\/05\/FiendsFromCryptKlein.jpg\" width=\"341\" height=\"336\" srcset=\"http:\/\/fifties-horror.de\/filecollection\/2011\/05\/FiendsFromCryptKlein.jpg 341w, http:\/\/fifties-horror.de\/filecollection\/2011\/05\/FiendsFromCryptKlein-300x295.jpg 300w\" sizes=\"(max-width: 341px) 100vw, 341px\" \/><\/p>\n<p><strong>FLUCH DER MUMIE oder: MIT HARTEN BANDAGEN<\/strong><\/p>\n<p>(Mumien \/ Schatzgr\u00e4ber \/ Hohepriester \/ Altertumsforscher)<\/p>\n<p><strong>GEISTERSPUK oder: ICH SEHE WAS, WAS DU NICHT SIEHST<\/strong><\/p>\n<p>(Gespenster\/ Medien \/ Wahrsager \/ Traumgestalten)<\/p>\n<p><strong>LANDPLAGE oder: UNGEZIEFER VERGEHT NICHT<\/strong><\/p>\n<p>(Rieseninsekten \/ Ratten \/ Schlangen \/ Ameisen \/ Spinnen)<\/p>\n<p><strong>MONSTER GREIFEN AN! oder: DIE \u00dcBLICHEN VERD\u00c4CHTIGEN<\/strong><\/p>\n<p>(Yetis \/ Kanalisationsmutanten \/ Gargoyles \/ Unholde aus dem Erdinnern)<\/p>\n<p><strong>Bemerkungen zum Personal: <\/strong><\/p>\n<p>Auff\u00e4llig ist die <strong>v\u00f6llige Abwesenheit von kirchlichen W\u00fcrdentr\u00e4gern<\/strong>. Aus dem Stand f\u00e4llt mir keine Geschichte ein, in der Priester eine Rolle spielten. Da hat man wohl bewusst (piet\u00e4tvolle 50er) die Finger von gelassen.<\/p>\n<p>Eingeborene oder einheimische Bewoher ferner L\u00e4nder werden ausnahmslos als Kanonenfutter verwendet. Sie werden in Todesfallen getrieben, von wilden Tieren zerfleischt oder direkt als l\u00e4stige Zeugen niedergem\u00e4ht. Ein klarer chauvinistisch-imperialistischer Komplex!<\/p>\n<p>Und nat\u00fcrlich gibt es Geschichten, die sich jeder Kategorisierung entziehen. Aber spa\u00dfig ist es schon, zu beobachten, wie sich die Handlungsstr\u00e4nge wiederholen\u2026<\/p>\n<p>&nbsp;<\/p>\n","protected":false},"excerpt":{"rendered":"<p>Beim Studium dieser Comichefte f\u00e4llt auf, dass immer wiederkehrende Grundmuster im Horrorgenre existieren. Ich mache hiermit mal folgende \u201eSchubladen\u201c auf (in Klammern sind die Protagonisten der Geschichten genannt): PAKT MIT DEM TEUFEL oder: VORSICHT VOR DEM KLEINGEDRUCKTEN (Satanisten \/ Lebensm\u00fcde \/ Leichtsinnige) VERR\u00dcCKTE WISSENSCHAFT oder: NICHTS IST UNM\u00d6GLICH (Irre Wissenschaftler \/ Dimensionswandler \/ Androiden \/ [&hellip;]<\/p>\n","protected":false},"author":4,"featured_media":3802,"parent":3594,"menu_order":11,"comment_status":"closed","ping_status":"closed","template":"page-wissen.php","meta":{"footnotes":""},"_links":{"self":[{"href":"http:\/\/fifties-horror.de\/index.php?rest_route=\/wp\/v2\/pages\/3623"}],"collection":[{"href":"http:\/\/fifties-horror.de\/index.php?rest_route=\/wp\/v2\/pages"}],"about":[{"href":"http:\/\/fifties-horror.de\/index.php?rest_route=\/wp\/v2\/types\/page"}],"author":[{"embeddable":true,"href":"http:\/\/fifties-horror.de\/index.php?rest_route=\/wp\/v2\/users\/4"}],"replies":[{"embeddable":true,"href":"http:\/\/fifties-horror.de\/index.php?rest_route=%2Fwp%2Fv2%2Fcomments&post=3623"}],"version-history":[{"count":0,"href":"http:\/\/fifties-horror.de\/index.php?rest_route=\/wp\/v2\/pages\/3623\/revisions"}],"up":[{"embeddable":true,"href":"http:\/\/fifties-horror.de\/index.php?rest_route=\/wp\/v2\/pages\/3594"}],"wp:featuredmedia":[{"embeddable":true,"href":"http:\/\/fifties-horror.de\/index.php?rest_route=\/wp\/v2\/media\/3802"}],"wp:attachment":[{"href":"http:\/\/fifties-horror.de\/index.php?rest_route=%2Fwp%2Fv2%2Fmedia&parent=3623"}],"curies":[{"name":"wp","href":"https:\/\/api.w.org\/{rel}","templated":true}]}}