{"id":4005,"date":"2013-09-18T08:57:52","date_gmt":"2013-09-18T06:57:52","guid":{"rendered":"http:\/\/fifties-horror.de\/?page_id=4005"},"modified":"2013-09-18T08:57:52","modified_gmt":"2013-09-18T06:57:52","slug":"fawcett-horror","status":"publish","type":"page","link":"http:\/\/fifties-horror.de\/?page_id=4005","title":{"rendered":"FAWCETT HORROR"},"content":{"rendered":"<p>Der Fawcett-Verlag ver\u00f6ffentlichte zwar nur 42 Horrorhefte, die jedoch unter so vielen verschiedenen Titeln, dass es schon fast \u00e4rgerlich anmutet.<\/p>\n<p><strong>THIS MAGAZINE IS HAUNTED<\/strong><\/p>\n<p><strong>WORLDS BEYOND<\/strong>, sofort umbenannt in <strong>WORLDS OF FEAR<\/strong><\/p>\n<p><strong>UNKNOWN WORLD<\/strong>, sofort umbenannt in <strong>STRANGE STORIES FROM ANOTHER WORLD<\/strong><\/p>\n<p><strong>BEWARE! TERROR TALES<\/strong><\/p>\n<p><strong>STRANGE SUSPENSE STORIES<\/strong><\/p>\n<p>Worlds of WHAT? Stories from WHERE? Hilf\u00e4\u00e4\u00e4\u00e4! Nur die Klon-K\u00f6nige von Atlas\/Marvel produzierten mehr fortlaufende Serien.<\/p>\n<p>Viele Gesch\u00e4ftsvorg\u00e4nge der 50er Jahre liegen im Dunkel der Comicgeschichte, aber die <strong>Entstehung von FAWCETT HORROR ist durch spannende Anekdoten<\/strong> \u00fcberliefert. Denn verantwortlich f\u00fcr einen gro\u00dfen Schub im Pre-Code-Horror ist ein unbekannter Zeichner: <strong>Sheldon Moldoff<\/strong>.<br \/>\nDieser \u00e4u\u00dferst mittelm\u00e4\u00dfige K\u00fcnstler zeichnete von 1947-49 die Serie MOON GIRL (eine \u201eWonder Woman\u201c-Kopie) \u2013 und zwar f\u00fcr den Verlag EC. Dort will er 1948 dem Herausgeber Bill Gaines den Prototypen eines Horrorheftes vorgestellt haben. Gaines jedoch h\u00e4lt Moldoff mit Versprechungen und Vorvertr\u00e4gen hin (er gibt ab 1950 seine ber\u00fchmten drei Gruselserien selber heraus) und feuert Moldoff kurzerhand. Der geschasste M\u00f6chtegern-Redakteur kommt bei Fawcett unter und beginnt dort mit THIS MAGAZINE IS HAUNTED.<\/p>\n<div style=\"width: 310px\" class=\"wp-caption alignright\"><a href=\"http:\/\/fifties-horror.de\/filecollection\/2013\/09\/SheldonMoldoff.jpg\"><img loading=\"lazy\" decoding=\"async\" alt=\"SheldonMoldoff\" src=\"http:\/\/fifties-horror.de\/filecollection\/2013\/09\/SheldonMoldoff.jpg\" width=\"300\" height=\"272\" \/><\/a><p class=\"wp-caption-text\">Macher und Motor &#8211; Sheldon Moldoff<\/p><\/div>\n<p>Moldoff wurde bei EC offenbar nach allen Regeln der anwaltlichen Kunst verschaukelt, ausgebootet und \u00fcber Bord gesto\u00dfen. Ein Trost f\u00fcr ihn mag gewesen sein, dass er dann bei Fawcett zwei Jahre lang schalten und walten darf. Zum Jahresende 1953 allerdings verabschiedet sich der Verlag komplett aus dem Comicgesch\u00e4ft, und die jungen Entrepreneure von Charlton Comics \u00fcbernehmen die Best\u00e4nde. Tragische Konsequenz: Moldoff wird \u00fcber den Winter aus dem Verlag gedr\u00e4ngt.<\/p>\n<p>Wie gestaltet sich nun FAWCETT HORROR?<\/p>\n<p>Die <strong>Cover sind ziemliche Gr\u00fctze<\/strong>, wie ich finde. Betonen seltsame Bildausschnitte, wirken billig und schmierig, pr\u00e4sentieren selten eine griffige Idee, und Eleganz verstr\u00f6men sie schon gar nicht. Gro\u00dfe Ausnahme sind hier die sechs Titelseiten, f\u00fcr die sie den Illustrator <strong>Norman Saunders<\/strong> eingekauft haben (die sind Weltklasse und geh\u00f6ren zu den sch\u00f6nsten ihrer Zeit!). Comics f\u00fcr den Innenteil hat er allerdings nicht gezeichnet.<\/p>\n<p>Fawcett-Cover haben jedoch einen<strong> speziellen metallischen Glanzeffekt<\/strong>. Das macht sich jedoch nur bemerkbar, wenn man ein Originalheft in H\u00e4nden h\u00e4lt und dieses leicht gegen das Licht kippt. Wohlgemerkt nicht auf denen, die Norman Saunders gemalt hat, aber alle anderen Cover beherbergen zarte Effekte.<br \/>\nWundersch\u00f6n zum Beispiel auf dem Titelbild von BEWARE! TERROR TALES Nr. 8 (dem Heft mit dem Kochtopf\u00a0 und den Hexen!).\u00a0 Der Sud quillt herrlich orange-rot aus dem \u00fcbervollen Hexenkessel.<\/p>\n<p>Auch im Innenteil sind Fawcetts Horrorhefte\u2026 naja\u2026 gew\u00f6hnungsbed\u00fcrftig. <strong>Es fehlt ihnen ein Star.<\/strong> Gut, sie haben George Evans und Bob Powell. Aber Evans wechselt zu EC und Powell dient mehr als zeichnerisches Feigenblatt. Denn die Stammzeichner werkeln in einer <strong>penetranten Einfallslosigkeit<\/strong> daher, die einen kirre machen kann: Bernard Baily? Sheldon Moldoff? Ed Waldman? Bob McCarty?<\/p>\n<div style=\"width: 290px\" class=\"wp-caption alignleft\"><a href=\"http:\/\/fifties-horror.de\/filecollection\/2013\/09\/BTT8cover.jpg\"><img loading=\"lazy\" decoding=\"async\" alt=\"BTT#8cover\" src=\"http:\/\/fifties-horror.de\/filecollection\/2013\/09\/BTT8cover.jpg\" width=\"280\" height=\"409\" \/><\/a><p class=\"wp-caption-text\">Dieses Titelbild leuchtet im&#8230; Tageslicht!<\/p><\/div>\n<p>Keine K\u00fcnstler, f\u00fcr die man Feuer f\u00e4ngt. Und dann holen sie auch noch aushilfsweise die Schnarchnase Maurice Gutwirth ins Boot, wo sie doch Bud Thompson viel besser h\u00e4tten einsetzen k\u00f6nnen\u2026 <em>Ruhig, Grauer<\/em>.<br \/>\nWobei ich McCarty doch ausnehmen m\u00f6chte. Er ist zwar nur die B-Version von George Evans, aber noch der bildgestalterisch kreativste im Team.<\/p>\n<p>FAWCETT HORROR also <strong>sieht oft grottig aus, bietet aber interessante Geschichten.<\/strong> Quasi die Verkehrung der Situation bei STANDARD HORROR (<em>siehe dort<\/em>). Auch wenn es \u00dcberwindung kosten mag, lesen Sie bitte ein paar Geschichten. Sie werden Ihren Pre-Code-Horizont erweitern!<\/p>\n<p>Denn Fawcett ist ein <strong>Ideenhaus<\/strong>. Nicht umsonst haben sie mit ihrem CAPTAIN MARVEL der allm\u00e4chtigen DC-Konkurrenz von SUPERMAN und BATMAN den Rang abgelaufen (<em>und sind daf\u00fcr verklagt worden, andere Geschichte\u2026<\/em>).<br \/>\nEinige der abgefahrensten und durchgeknalltesten Stories finden Sie in diesen Heften: <a href=\"http:\/\/fifties-horror.de\/lesewiese\/the-bad\/the-wig-fawcett\" target=\"_blank\">Killerper\u00fccken<\/a>, <a href=\"http:\/\/fifties-horror.de\/lesewiese\/just-crazy\/aieeeee-the-teeth\" target=\"_blank\">Zombiez\u00e4hne<\/a>, <a href=\"http:\/\/charm-of-charlton.de\/stories\/824\" target=\"_blank\">Monsterw\u00fcrmer <\/a>und Bob Powells surreale Phantasie \u201e<a href=\"http:\/\/fifties-horror.de\/lesewiese\/just-crazy\/wall-of-flesh\" target=\"_blank\">Wall Of Flesh<\/a>\u201c entstammt diesen Serien.\u00a0 Ansonsten hatten die Autoren ein Faible f\u00fcr das Jenseits, die Unterwelt, fremdartige R\u00e4ume und parallele Dimensionen (und daf\u00fcr nix mit Werw\u00f6lfen oder Vampiren).<\/p>\n<p>Besonderheit bei FAWCETT HORROR sind die<strong> langen Geschichten<\/strong>. Pro Heft finden sich drei 10-Seiter (jedenfalls bis 1953, dann schwenken sie um auf die \u00fcblichen vier Geschichten). Die Leser wussten ihnen die literarische Ambition nicht zu danken, und manchmal schleppten sich diese Mini-Novellen aber auch unsch\u00f6n \u00fcber die Runden.<\/p>\n<p>Ach so, noch ein Wort zu den Hosts. FAWCETT HORROR bediente sich zweier Erz\u00e4hlerfiguren: <strong>Dr. Death <\/strong>und<strong> The Mummy<\/strong>. Beides leider austauschbare Chargen, die einem nicht in Erinnerung bleiben. Richtiger Ansatz, aber schwach umgesetzt.<\/p>\n<p>Abschlie\u00dfend noch ein weiterer D\u00e4mpfer in der Betrachtung dieser Serien. Sie sind <strong>abscheulich koloriert<\/strong>! Lieblos, gro\u00dffl\u00e4chig und willk\u00fcrlich haben die Farbgeber diese Werke zugeschmiert. Man kann es nicht anders ausdr\u00fccken. Auch das verleiht FAWCETT HORROR diesen <strong>generellen Look von Schmierigkeit und Verwahrlosung.<\/strong> Eine Schande!<\/p>\n<div id=\"attachment_3985\" style=\"width: 370px\" class=\"wp-caption alignright\"><a href=\"http:\/\/fifties-horror.de\/filecollection\/2013\/09\/Fleshless.jpg\"><img loading=\"lazy\" decoding=\"async\" aria-describedby=\"caption-attachment-3985\" class=\" wp-image-3985  \" alt=\"Fleshless\" src=\"http:\/\/fifties-horror.de\/filecollection\/2013\/09\/Fleshless.jpg\" width=\"360\" height=\"511\" srcset=\"http:\/\/fifties-horror.de\/filecollection\/2013\/09\/Fleshless.jpg 1000w, http:\/\/fifties-horror.de\/filecollection\/2013\/09\/Fleshless-768x1090.jpg 768w, http:\/\/fifties-horror.de\/filecollection\/2013\/09\/Fleshless-722x1024.jpg 722w, http:\/\/fifties-horror.de\/filecollection\/2013\/09\/Fleshless-624x885.jpg 624w\" sizes=\"(max-width: 360px) 100vw, 360px\" \/><\/a><p id=\"caption-attachment-3985\" class=\"wp-caption-text\">Splash-Page von Sheldon Moldoff<\/p><\/div>\n<p>Auch hier pr\u00e4sentiere ich eine repr\u00e4sentative Splash-Page, und zwar aus der Feder der tragischen Gallionsfigur \u2013 nat\u00fcrlich Sheldon Moldoff.<br \/>\nSehr gut zu Tage tritt hier weniger die schlamperte Kolorierung, daf\u00fcr Moldoffs einfallslose Komposition und unbeholfene F\u00fcllung des Zeichenblattes. Die Maschine auf der rechten Seite ist eine \u201eHommage\u201c an eine Horrorstory von Vic Donahue (\u201eDungeon Of Doom!\u201c aus dem Harvey-Verlag).<\/p>\n<p>Ich habe Moldoff tats\u00e4chlich mehrfach dabei erwischt, dass er <strong>Bildmotive aus EC- und Harvey-Comics kopiert<\/strong> \u2013 vor allem \u00fcbrigens von Graham Ingels, dem Zeichner, der seinen Platz bei EC einnahm und zur Ikone des gotischen Grusels im Horrorcomic wurde.<\/p>\n<p>Wer mehr wissen m\u00f6chte, ist herzlich eingeladen, meine englische Webseite <a href=\"http:\/\/charm-of-charlton.de\/\" target=\"_blank\">FAWCETT HORROR<\/a> (dort abgehandelt werden auch die &#8222;Nachfolger&#8220; vom CHARLTON-Verlag) zu studieren. Auf jeden Fall empfehle ich den Blick auf meine Auswahl von Fawcett-Horrorgeschichten (bunt gemischt), die ich ebendort unter dem Men\u00fcpunkt \u201eStories\u201c pr\u00e4sentiere.<\/p>\n<p>PS: Sheldon Moldoff \u00fcbrigens \u00fcberlebte seine Horrorpleiten und zeichnete anschlie\u00dfend 15 Jahre lang an BATMAN mit, wo er die Superschurkin \u201e<strong>Poison Ivy<\/strong>\u201c erfand. Er verstarb 2012 im Alter von 91 Jahren.<\/p>\n<p>PPS: Sheldon Moldoff \u00fcbrigens soll sich 1992 schriftlich bei Horrorforscher George Suarez beschwert haben, dass er ihn nicht als Gr\u00fcnder der Serie THIS MAGAZINE IS HAUNTED erw\u00e4hnt habe.<br \/>\n<em>Komm blo\u00df nicht zu mir, Shelly&#8230;<\/em><\/p>\n<p>&nbsp;<\/p>\n","protected":false},"excerpt":{"rendered":"<p>Der Fawcett-Verlag ver\u00f6ffentlichte zwar nur 42 Horrorhefte, die jedoch unter so vielen verschiedenen Titeln, dass es schon fast \u00e4rgerlich anmutet. THIS MAGAZINE IS HAUNTED WORLDS BEYOND, sofort umbenannt in WORLDS OF FEAR UNKNOWN WORLD, sofort umbenannt in STRANGE STORIES FROM ANOTHER WORLD BEWARE! TERROR TALES STRANGE SUSPENSE STORIES Worlds of WHAT? Stories from WHERE? Hilf\u00e4\u00e4\u00e4\u00e4! [&hellip;]<\/p>\n","protected":false},"author":4,"featured_media":3802,"parent":3594,"menu_order":0,"comment_status":"open","ping_status":"open","template":"page-wissen.php","meta":{"footnotes":""},"_links":{"self":[{"href":"http:\/\/fifties-horror.de\/index.php?rest_route=\/wp\/v2\/pages\/4005"}],"collection":[{"href":"http:\/\/fifties-horror.de\/index.php?rest_route=\/wp\/v2\/pages"}],"about":[{"href":"http:\/\/fifties-horror.de\/index.php?rest_route=\/wp\/v2\/types\/page"}],"author":[{"embeddable":true,"href":"http:\/\/fifties-horror.de\/index.php?rest_route=\/wp\/v2\/users\/4"}],"replies":[{"embeddable":true,"href":"http:\/\/fifties-horror.de\/index.php?rest_route=%2Fwp%2Fv2%2Fcomments&post=4005"}],"version-history":[{"count":0,"href":"http:\/\/fifties-horror.de\/index.php?rest_route=\/wp\/v2\/pages\/4005\/revisions"}],"up":[{"embeddable":true,"href":"http:\/\/fifties-horror.de\/index.php?rest_route=\/wp\/v2\/pages\/3594"}],"wp:featuredmedia":[{"embeddable":true,"href":"http:\/\/fifties-horror.de\/index.php?rest_route=\/wp\/v2\/media\/3802"}],"wp:attachment":[{"href":"http:\/\/fifties-horror.de\/index.php?rest_route=%2Fwp%2Fv2%2Fmedia&parent=4005"}],"curies":[{"name":"wp","href":"https:\/\/api.w.org\/{rel}","templated":true}]}}