{"id":7070,"date":"2016-10-08T07:42:21","date_gmt":"2016-10-08T05:42:21","guid":{"rendered":"http:\/\/fifties-horror.de\/?page_id=7070"},"modified":"2016-09-08T13:52:20","modified_gmt":"2016-09-08T11:52:20","slug":"horror-historie-the-old-witch-in-hit-comics-19401941","status":"publish","type":"page","link":"http:\/\/fifties-horror.de\/?page_id=7070","title":{"rendered":"HORROR-HISTORIE: \u201eThe Old Witch\u201c in HIT COMICS (1940\/1941)"},"content":{"rendered":"<div id=\"attachment_7078\" style=\"width: 360px\" class=\"wp-caption alignright\"><a href=\"http:\/\/fifties-horror.de\/filecollection\/2016\/10\/HitComics1July1940.jpg\"><img loading=\"lazy\" decoding=\"async\" aria-describedby=\"caption-attachment-7078\" class=\"wp-image-7078\" src=\"http:\/\/fifties-horror.de\/filecollection\/2016\/10\/HitComics1July1940.jpg\" alt=\"HitComics1July1940\" width=\"350\" height=\"486\" srcset=\"http:\/\/fifties-horror.de\/filecollection\/2016\/10\/HitComics1July1940.jpg 500w, http:\/\/fifties-horror.de\/filecollection\/2016\/10\/HitComics1July1940-216x300.jpg 216w\" sizes=\"(max-width: 350px) 100vw, 350px\" \/><\/a><p id=\"caption-attachment-7078\" class=\"wp-caption-text\">HIT COMICS Nr. 1 vom July 1940, vom Start weg mit Horror-Feature!<\/p><\/div>\n<p>Comic-Arch\u00e4ologen graben gerne nach den <strong>ersten Vorkommen<\/strong> von Figuren oder Themen.<br \/>\nDie Horrorforschung beispielsweise entdeckt <strong>erste \u00fcbernat\u00fcrliche Geschichten<\/strong> schon VOR den bekannten Meilensteinen wie dem ersten kompletten Gruselheft (Avons EERIE von 1947).<br \/>\nBekannt sind die wenigen Erz\u00e4hlungen unter dem Label <strong>\u201eTales of Terror\u201c<\/strong> im Comic YELLOWJACKET Mitte der 1940er-Jahre (Artikel dazu siehe <a href=\"http:\/\/fifties-horror.de\/wissen\/horror-historie-tales-of-terror-in-yellowjacket-194546\">HIER<\/a>).<\/p>\n<p>Ebenso in Betracht ziehen kann man das langlaufende <strong>Feature \u201cGhost Gallery\u201d<\/strong> aus den Serien des Verlags Fiction House (im Herbst 1942 aufgelegt). Diese Storys handelten jedoch fast immer von der Aufdeckung und Entlarvung geschickt inszenierten Spuks.<br \/>\nN\u00e4her dran waren da die Geschichten aus dem Schwester-Feature <strong>\u201eThe Werewolf Hunter\u201c<\/strong> (ab 1943). Beispiele und n\u00e4here Betrachtungen finden Sie unter diesem <a href=\"http:\/\/highest-standard.de\/ghost-and-monster\">LINK <\/a>bei Besprechung dieser Comics als Nachdruckfassungen in den GHOST COMICS.<\/p>\n<p>Deshalb war ich kaum \u00fcberrascht, dass sich <strong>noch \u00e4lterer Stoff<\/strong> finden l\u00e4sst. Erstaunlich ist nur, dass meines Wissens nach noch niemand dar\u00fcber geschrieben hat. Ich rede von dem <strong>Feature \u201eThe Old Witch\u201c<\/strong>, das sich <strong>ab Sommer 1940 in Qualitys<\/strong> Anthologietitel <strong>HIT COMICS<\/strong> finden l\u00e4sst.<br \/>\nIn HIT COMICS Nr. 1 hei\u00dfen die Gruselseiten noch \u201eWeird Tales\u201c, <strong>Erz\u00e4hlerin<\/strong> ist jedoch schon hier eine \u201e<strong>old crone<\/strong>\u201c, die den Leser direkt anspricht: \u201e<em>Come in out of the night, and I will tell you tales to freeze the marrow in your bones<\/em>\u201c.<br \/>\nKlassisches \u201aHosting\u2018 also, wie es EC zehn Jahre sp\u00e4ter aufgreift und popul\u00e4r macht!<\/p>\n<div id=\"attachment_7080\" style=\"width: 1110px\" class=\"wp-caption aligncenter\"><a href=\"http:\/\/fifties-horror.de\/filecollection\/2016\/10\/Hit1Witch.jpg\"><img loading=\"lazy\" decoding=\"async\" aria-describedby=\"caption-attachment-7080\" class=\"wp-image-7080 size-full\" src=\"http:\/\/fifties-horror.de\/filecollection\/2016\/10\/Hit1Witch.jpg\" alt=\"Hit1Witch\" width=\"1100\" height=\"1542\" srcset=\"http:\/\/fifties-horror.de\/filecollection\/2016\/10\/Hit1Witch.jpg 1100w, http:\/\/fifties-horror.de\/filecollection\/2016\/10\/Hit1Witch-214x300.jpg 214w, http:\/\/fifties-horror.de\/filecollection\/2016\/10\/Hit1Witch-768x1077.jpg 768w, http:\/\/fifties-horror.de\/filecollection\/2016\/10\/Hit1Witch-730x1024.jpg 730w, http:\/\/fifties-horror.de\/filecollection\/2016\/10\/Hit1Witch-624x875.jpg 624w\" sizes=\"(max-width: 1100px) 100vw, 1100px\" \/><\/a><p id=\"caption-attachment-7080\" class=\"wp-caption-text\">Erster Auftritt unserer Hexe, die hier jedoch noch respektvoll als &#8222;altes Weib&#8220; tituliert wird, naja, was hei\u00dft schon respektvoll?<\/p><\/div>\n<p>In HIT COMICS Nr. 2 hei\u00dft das Feature dann regul\u00e4r \u201eThe Old Witch\u201c und beh\u00e4lt dies bei <strong>bis Ausgabe Nr. 14<\/strong> (im Herbst 1941)! Als Zeichner\/Autor wird ein \u201ePierre Winter\u201c angegeben; solche \u201abylines\u2018 waren seinerzeit pure Fantasienamen, die Seriosit\u00e4t verstr\u00f6men sollten. Man nimmt an, dass sich hinter diesem Pseudonym die K\u00fcnstler Bob Hebberd, John Celardo, George Appel und selbst <strong>Reed Crandall<\/strong> (erscheint aber nur in Nr. 10) verborgen haben. Ansonsten ist das grauenvolle Artwork typisch 1940er-Jahre: flach, statisch, einfallslos.<\/p>\n<p>Die Inhalte sind tats\u00e4chlich <strong>g\u00fcltige Gruselgeschichten<\/strong>: Hexer, D\u00e4monen, Geister, Piraten, entsprungene M\u00f6rder treiben ihr Unwesen. Auch handelte es sich hier nicht um \u201eHappy-End-H\u00e4ndchenhalte\u201c-Geschichten wie meist bei den\u00a0 Precoders von ACG (ADVENTURES INTO THE UNKNOWN et al.), die deswegen von vielen Lesern nicht ernst genommen werden. Gut, manchmal sind es auch bei \u201eThe Old Witch\u201c h\u00e4ndchenhaltende GEISTER, die den Schlusspunkt der Geschichte setzen\u2026<\/p>\n<p>Als <strong>Beispielgeschichte<\/strong> pr\u00e4sentieren wir (viele dieser alten Comics liegen in Netz nur als unscharfe Mikrofiche-Repro vor) die meiner Meinung nach <strong>schmissigste aus der Reihe<\/strong>.<br \/>\nDie unbetitelten f\u00fcnf Seiten stammen aus HIT COMICS Nr. 6 vom Dezember 1940:<br \/>\nDie Waise Toni m\u00f6chte ihrem brutalen Pflegeonkel entkommen \u2013 und ger\u00e4t vom Regen in die Traufe!<br \/>\nDie Geschichte bietet einiges an Schauwert auf (Gruselwald, Panther, H\u00f6hlen, Geh\u00e4ngte) und stammt angeblich von John Celardo (den ich in den 1950er-Jahren sehr verehre).<br \/>\n<strong>Vorhang auf f\u00fcr fr\u00fchesten Horror!<\/strong><\/p>\n<p><a href=\"http:\/\/fifties-horror.de\/filecollection\/2016\/09\/OldWitch1940Hit1.jpg\"><img loading=\"lazy\" decoding=\"async\" class=\"aligncenter size-full wp-image-7072\" src=\"http:\/\/fifties-horror.de\/filecollection\/2016\/09\/OldWitch1940Hit1.jpg\" alt=\"OldWitch1940Hit1\" width=\"1010\" height=\"1342\" srcset=\"http:\/\/fifties-horror.de\/filecollection\/2016\/09\/OldWitch1940Hit1.jpg 1010w, http:\/\/fifties-horror.de\/filecollection\/2016\/09\/OldWitch1940Hit1-226x300.jpg 226w, http:\/\/fifties-horror.de\/filecollection\/2016\/09\/OldWitch1940Hit1-768x1020.jpg 768w, http:\/\/fifties-horror.de\/filecollection\/2016\/09\/OldWitch1940Hit1-771x1024.jpg 771w, http:\/\/fifties-horror.de\/filecollection\/2016\/09\/OldWitch1940Hit1-624x829.jpg 624w\" sizes=\"(max-width: 1010px) 100vw, 1010px\" \/><\/a> <a href=\"http:\/\/fifties-horror.de\/filecollection\/2016\/09\/OldWitch1940Hit2.jpg\"><img loading=\"lazy\" decoding=\"async\" class=\"aligncenter size-full wp-image-7073\" src=\"http:\/\/fifties-horror.de\/filecollection\/2016\/09\/OldWitch1940Hit2.jpg\" alt=\"OldWitch1940Hit2\" width=\"1010\" height=\"1388\" srcset=\"http:\/\/fifties-horror.de\/filecollection\/2016\/09\/OldWitch1940Hit2.jpg 1010w, http:\/\/fifties-horror.de\/filecollection\/2016\/09\/OldWitch1940Hit2-218x300.jpg 218w, http:\/\/fifties-horror.de\/filecollection\/2016\/09\/OldWitch1940Hit2-768x1055.jpg 768w, http:\/\/fifties-horror.de\/filecollection\/2016\/09\/OldWitch1940Hit2-745x1024.jpg 745w, http:\/\/fifties-horror.de\/filecollection\/2016\/09\/OldWitch1940Hit2-624x858.jpg 624w\" sizes=\"(max-width: 1010px) 100vw, 1010px\" \/><\/a> <a href=\"http:\/\/fifties-horror.de\/filecollection\/2016\/09\/OldWitch1940Hit3.jpg\"><img loading=\"lazy\" decoding=\"async\" class=\"aligncenter size-full wp-image-7074\" src=\"http:\/\/fifties-horror.de\/filecollection\/2016\/09\/OldWitch1940Hit3.jpg\" alt=\"OldWitch1940Hit3\" width=\"1010\" height=\"1366\" srcset=\"http:\/\/fifties-horror.de\/filecollection\/2016\/09\/OldWitch1940Hit3.jpg 1010w, http:\/\/fifties-horror.de\/filecollection\/2016\/09\/OldWitch1940Hit3-222x300.jpg 222w, http:\/\/fifties-horror.de\/filecollection\/2016\/09\/OldWitch1940Hit3-768x1039.jpg 768w, http:\/\/fifties-horror.de\/filecollection\/2016\/09\/OldWitch1940Hit3-757x1024.jpg 757w, http:\/\/fifties-horror.de\/filecollection\/2016\/09\/OldWitch1940Hit3-624x844.jpg 624w\" sizes=\"(max-width: 1010px) 100vw, 1010px\" \/><\/a> <a href=\"http:\/\/fifties-horror.de\/filecollection\/2016\/09\/OldWitch1940Hit4.jpg\"><img loading=\"lazy\" decoding=\"async\" class=\"aligncenter size-full wp-image-7075\" src=\"http:\/\/fifties-horror.de\/filecollection\/2016\/09\/OldWitch1940Hit4.jpg\" alt=\"OldWitch1940Hit4\" width=\"990\" height=\"1330\" srcset=\"http:\/\/fifties-horror.de\/filecollection\/2016\/09\/OldWitch1940Hit4.jpg 990w, http:\/\/fifties-horror.de\/filecollection\/2016\/09\/OldWitch1940Hit4-223x300.jpg 223w, http:\/\/fifties-horror.de\/filecollection\/2016\/09\/OldWitch1940Hit4-768x1032.jpg 768w, http:\/\/fifties-horror.de\/filecollection\/2016\/09\/OldWitch1940Hit4-762x1024.jpg 762w, http:\/\/fifties-horror.de\/filecollection\/2016\/09\/OldWitch1940Hit4-624x838.jpg 624w\" sizes=\"(max-width: 990px) 100vw, 990px\" \/><\/a> <a href=\"http:\/\/fifties-horror.de\/filecollection\/2016\/09\/OldWitch1940Hit5.jpg\"><img loading=\"lazy\" decoding=\"async\" class=\"aligncenter size-full wp-image-7076\" src=\"http:\/\/fifties-horror.de\/filecollection\/2016\/09\/OldWitch1940Hit5.jpg\" alt=\"OldWitch1940Hit5\" width=\"1010\" height=\"1377\" srcset=\"http:\/\/fifties-horror.de\/filecollection\/2016\/09\/OldWitch1940Hit5.jpg 1010w, http:\/\/fifties-horror.de\/filecollection\/2016\/09\/OldWitch1940Hit5-220x300.jpg 220w, http:\/\/fifties-horror.de\/filecollection\/2016\/09\/OldWitch1940Hit5-768x1047.jpg 768w, http:\/\/fifties-horror.de\/filecollection\/2016\/09\/OldWitch1940Hit5-751x1024.jpg 751w, http:\/\/fifties-horror.de\/filecollection\/2016\/09\/OldWitch1940Hit5-624x851.jpg 624w\" sizes=\"(max-width: 1010px) 100vw, 1010px\" \/><\/a><\/p>\n<p>&nbsp;<\/p>\n<p>&nbsp;<\/p>\n<p>&nbsp;<\/p>\n","protected":false},"excerpt":{"rendered":"<p>Comic-Arch\u00e4ologen graben gerne nach den ersten Vorkommen von Figuren oder Themen. Die Horrorforschung beispielsweise entdeckt erste \u00fcbernat\u00fcrliche Geschichten schon VOR den bekannten Meilensteinen wie dem ersten kompletten Gruselheft (Avons EERIE von 1947). Bekannt sind die wenigen Erz\u00e4hlungen unter dem Label \u201eTales of Terror\u201c im Comic YELLOWJACKET Mitte der 1940er-Jahre (Artikel dazu siehe HIER). Ebenso in [&hellip;]<\/p>\n","protected":false},"author":4,"featured_media":0,"parent":3594,"menu_order":0,"comment_status":"closed","ping_status":"closed","template":"page-wissen.php","meta":{"footnotes":""},"_links":{"self":[{"href":"http:\/\/fifties-horror.de\/index.php?rest_route=\/wp\/v2\/pages\/7070"}],"collection":[{"href":"http:\/\/fifties-horror.de\/index.php?rest_route=\/wp\/v2\/pages"}],"about":[{"href":"http:\/\/fifties-horror.de\/index.php?rest_route=\/wp\/v2\/types\/page"}],"author":[{"embeddable":true,"href":"http:\/\/fifties-horror.de\/index.php?rest_route=\/wp\/v2\/users\/4"}],"replies":[{"embeddable":true,"href":"http:\/\/fifties-horror.de\/index.php?rest_route=%2Fwp%2Fv2%2Fcomments&post=7070"}],"version-history":[{"count":6,"href":"http:\/\/fifties-horror.de\/index.php?rest_route=\/wp\/v2\/pages\/7070\/revisions"}],"predecessor-version":[{"id":7084,"href":"http:\/\/fifties-horror.de\/index.php?rest_route=\/wp\/v2\/pages\/7070\/revisions\/7084"}],"up":[{"embeddable":true,"href":"http:\/\/fifties-horror.de\/index.php?rest_route=\/wp\/v2\/pages\/3594"}],"wp:attachment":[{"href":"http:\/\/fifties-horror.de\/index.php?rest_route=%2Fwp%2Fv2%2Fmedia&parent=7070"}],"curies":[{"name":"wp","href":"https:\/\/api.w.org\/{rel}","templated":true}]}}