{"id":7258,"date":"2016-12-24T10:22:13","date_gmt":"2016-12-24T09:22:13","guid":{"rendered":"http:\/\/fifties-horror.de\/?page_id=7258"},"modified":"2016-12-24T10:22:13","modified_gmt":"2016-12-24T09:22:13","slug":"crossed-der-schlimmste-horror-aller-zeiten","status":"publish","type":"page","link":"http:\/\/fifties-horror.de\/?page_id=7258","title":{"rendered":"CROSSED: Der schlimmste Horror aller Zeiten?"},"content":{"rendered":"<p><strong>Ist diese Serie reiner Sadismus in Comicform \u2013 oder doch intelligente Unterhaltung?<br \/>\nEin Lekt\u00fcrebericht von unserem Till-Mann f\u00fcrs Grobe<\/strong><\/p>\n<p>Sitzen wir mal kross zu Gericht \u00fcber die krasse Serie CROSSED vom Krawallverlag Avatar Press! So dadaistisch-verquer und leger dieser Eingangssatz klingt, so entspannt und distanziert sollte man den Aufreger CROSSED beleuchten.<\/p>\n<p>Geskriptet von Garth Ennis (der mit seinem <em>opus magnum<\/em> PREACHER die sp\u00e4ten 90er-Jahre pr\u00e4gte) und gezeichnet von Jacen Burrows (illustrierte schon Ennis\u2018 CHRONICLES OF WORMWOOD) war CROSSED im Jahr 2008 <strong>ein Versuch, die Grenzen des Zombie-Genres neu zu definieren<\/strong>.<br \/>\nEine mysteri\u00f6se Seuche (deren Herkunft nie erkl\u00e4rt wird) rast um den Globus und wandelt die Infizierten in unmenschliche Bestien: Es gen\u00fcgt eine simple Ber\u00fchrung oder ein In-Kontakt-Kommen mit infizierten K\u00f6rperfl\u00fcssigkeiten, um den Betroffenen in Sekundenschnelle (!) pervertieren zu lassen.<br \/>\n\u00dcber das Gesicht verbreitet sich (ebenfalls in Sekundenschnelle) ein <strong>kreuzf\u00f6rmiger Ausschlag<\/strong> \u2013 und dieser Infizierte hat nur noch eines im Sinn, n\u00e4mlich seine Mitmenschen (infiziert oder auch nicht) zu foltern, zu vergewaltigen, auf m\u00f6glichst grausame Weise aus dem Leben zu bef\u00f6rdern. Und das mit sichtbarem Vergn\u00fcgen!<\/p>\n<div id=\"attachment_7259\" style=\"width: 1110px\" class=\"wp-caption aligncenter\"><a href=\"http:\/\/fifties-horror.de\/filecollection\/2016\/12\/Crossed4.jpg\"><img loading=\"lazy\" decoding=\"async\" aria-describedby=\"caption-attachment-7259\" class=\"wp-image-7259 size-full\" src=\"http:\/\/fifties-horror.de\/filecollection\/2016\/12\/Crossed4.jpg\" alt=\"Crossed4\" width=\"1100\" height=\"1701\" srcset=\"http:\/\/fifties-horror.de\/filecollection\/2016\/12\/Crossed4.jpg 1100w, http:\/\/fifties-horror.de\/filecollection\/2016\/12\/Crossed4-194x300.jpg 194w, http:\/\/fifties-horror.de\/filecollection\/2016\/12\/Crossed4-768x1188.jpg 768w, http:\/\/fifties-horror.de\/filecollection\/2016\/12\/Crossed4-662x1024.jpg 662w, http:\/\/fifties-horror.de\/filecollection\/2016\/12\/Crossed4-624x965.jpg 624w\" sizes=\"(max-width: 1100px) 100vw, 1100px\" \/><\/a><p id=\"caption-attachment-7259\" class=\"wp-caption-text\">CROSSED geht dahin, wo es noch weher tut: Willkommen im Schlachthaus der Apokalyse!<\/p><\/div>\n<p>Wir sehen uns als Leser mit einer <strong>neuartigen Alptraumwelt<\/strong> konfrontiert. Die Monster sind keine Menschen, die versterben und dann als hirnlose Untote auf stumpfsinnige T\u00f6tungsmission gehen. <strong>Die \u201eGekreuzten\u201c sind hyperaktive, sadistische Killer<\/strong>.<br \/>\nMit einem Lidschlag werfen sie alle moralischen Gesetze \u00fcber Bord und werden zu (noch sehr lebendigen) perversesten Serienm\u00f6rdern. Sie verzehren, verbrennen und zerst\u00fcckeln (Reihenfolge nach Belieben) M\u00e4nner, Frauen und Kinder, die sie zuvor planvoll aufgesp\u00fcrt und erjagt haben.<\/p>\n<h3 style=\"text-align: center\"><strong> Die ganze Welt der Grausamkeit<\/strong><\/h3>\n<p>Ich wei\u00df nicht, ob das nur mir aufgefallen ist, aber es gibt einen <strong>gravierenden Konzeptfehler<\/strong> in CROSSED:\u00a0 Wenn die Infektion in Sekundenschnelle \u00fcbergreift, gibt es keine Opfer! Es sei denn, jemand wird aus der Distanz ermordet (erschossen oder mit Schnittwaffen enthauptet, was auch vorkommt). Ein schneller und somit gnadenvoller Tod \u2013 im Gegensatz zu langsamen Verst\u00fcmmelungen, Zerfleischungen, todbringenden Vergewaltigungen.<br \/>\nAuf die Darstellung solcher Gr\u00e4uel an \u201eUnschuldigen\u201c legt es CROSSED jedoch oft genug an.<br \/>\nLogisch aber kann das unter dieser Pr\u00e4misse nicht sein. Welches Opfer auch immer den \u201eGekreuzten\u201c IN DIE H\u00c4NDE F\u00c4LLT, wird selbst im Handumdrehen zum T\u00e4ter.<br \/>\n<strong>Der \u201etorture porn\u201c-Schaueffekt der Serie ist damit null und nichtig. <\/strong>Was bei der Lekt\u00fcre (im Hinterkopf behalten) ein Trost sein kann.<\/p>\n<p>Die jeweiligen Zeichner erg\u00f6tzen sich an Schock-Szenarien, auch wenn sie eigentlich unlogisch sind. Nur so schaffen sie Verst\u00f6rung und k\u00f6nnen noch provozieren. W\u00fcrden in dieser Serie nur entmenschte Killer andere entmenschte Killer meucheln, betrachteten wir <strong>gemalte Tableaus von Blutorgien<\/strong>, aber w\u00fcrden davon weitgehend kaltgelassen.<br \/>\nIn CROSSED aber wird eine uninfizierte, entsetzt schauende Mutti auf dem Kindergeburtstag von den m\u00f6rderischen Kleinen kopf\u00fcber aufgeh\u00e4ngt, verst\u00fcmmelt und dann der Mitte nach durchges\u00e4gt (ein Cover, das ich Ihnen zu zeigen erspare, es ist leicht \u00fcbelkeitserregend).<br \/>\n(Hei\u00dft auch \u201eBADLANDS Nr. 16, <strong>Torture Variant Cover\u201c<\/strong>, na Dankesch\u00f6n.)<\/p>\n<p>Das ist nat\u00fcrlich <strong>ultraharte Kost<\/strong>, schlimmer geht\u2019s nimmer. Es handelt sich hier um keinen Horror-, sondern einen <strong>Terrorcomic<\/strong>. Aber nat\u00fcrlich sind auch das nur \u201eLinien auf Papier\u201c, wie schon Robert Crumb sagte. Gewaltfantasien, ja, fragt sich, welche Handlung dahinter transportiert wird.<\/p>\n<div id=\"attachment_7260\" style=\"width: 1110px\" class=\"wp-caption aligncenter\"><a href=\"http:\/\/fifties-horror.de\/filecollection\/2016\/12\/Crossed6.jpg\"><img loading=\"lazy\" decoding=\"async\" aria-describedby=\"caption-attachment-7260\" class=\"wp-image-7260 size-full\" src=\"http:\/\/fifties-horror.de\/filecollection\/2016\/12\/Crossed6.jpg\" alt=\"Crossed6\" width=\"1100\" height=\"1701\" srcset=\"http:\/\/fifties-horror.de\/filecollection\/2016\/12\/Crossed6.jpg 1100w, http:\/\/fifties-horror.de\/filecollection\/2016\/12\/Crossed6-194x300.jpg 194w, http:\/\/fifties-horror.de\/filecollection\/2016\/12\/Crossed6-768x1188.jpg 768w, http:\/\/fifties-horror.de\/filecollection\/2016\/12\/Crossed6-662x1024.jpg 662w, http:\/\/fifties-horror.de\/filecollection\/2016\/12\/Crossed6-624x965.jpg 624w\" sizes=\"(max-width: 1100px) 100vw, 1100px\" \/><\/a><p id=\"caption-attachment-7260\" class=\"wp-caption-text\">Bei CROSSED wird gegessen, was auf den Tisch kommt &#8211; Mahlzeit!<\/p><\/div>\n<p>Ein Comic richtet keinen Schaden an (auch wenn der gute Dr. Wertham vom Gegenteil ausging). Ein Film tut das auch nicht, auch wenn die Wirkung sicherlich eine andere, wom\u00f6glich direktere ist. Ich m\u00f6chte CROSSED nicht verfilmt sehen, ich bin <strong>dankbar f\u00fcr die Distanz<\/strong>, die automatisch von Linien auf Papier eingehalten wird.<\/p>\n<p>Um es rezensorisch kurz zu machen: CROSSED ist keine Pflichtlekt\u00fcre und kein gro\u00dfer Wurf \u2013 ich fand es \u201eokay\u201c, so windelweich das klingen mag.<br \/>\nMit der Erwartungshaltung <strong>\u201ekrankes Zeug von Garth Ennis\u201c <\/strong>wird man zufriedenstellend bedient. Die Gewalt schockiert mich, Hingucker-Effekt und kranke Schei\u00dfe indeed, verst\u00f6rt mich aber nicht. Die hier ums \u00dcberleben k\u00e4mpfende Menschengruppe w\u00e4chst mir emotional nicht so ans Herz, dass es mich beuteln t\u00e4te. Auf der Gegenseite der infizierten Massenm\u00f6rder begegnen uns skurrile Ennis-Kreaturen, die man eventuell mit schwarzem Humor entschuldigen kann.<\/p>\n<p>Am Ende zieht ein P\u00e4rchen mit Hund beinahe kitschig in den Sonnenuntergang (und w\u00e4ren nicht zuvor Dutzende von Charakteren massakriert worden, k\u00f6nnte man es f\u00fcr einen \u201eMeine wahre Geschichte\u201c-Comic halten). Sp\u00e4\u00dfle.<\/p>\n<p>Diese erste Reihe sollte eigentlich f\u00fcr sich stehen, doch der Erfolg (und Schlaf der Vernunft?) lie\u00df Avatar Press Fortsetzungen geb\u00e4ren: <strong>Diverse Teams f\u00fchren CROSSED als Franchise-Unternehmen bis heute weiter <\/strong>(allerdings nur noch mit sporadischer Mitwirkung von den Sch\u00f6pfern Ennis und Burrows).<\/p>\n<h3 style=\"text-align: center\"><strong>Neuer Schrecken, alter Meister<\/strong><\/h3>\n<p>Die Sensation ereignete sich 2015, als Alan Moore mit Zeichner Gabriel Andrade die Miniserie CROSSED + ONE HUNDRED beisteuerte. <strong>Wundermann Moore schl\u00e4gt Funken aus dem Stoff<\/strong>, den er einhundert Jahre in die Zukunft verlegt (deshalb plus Einhundert). Ganz langsam und beinahe beh\u00e4big f\u00fchrt er uns in eine Zeit, wo letzte Menschen in \u00f6kologischen Kleinsiedlungen leben (ohne Strom und immer auf der Suche nach verwertbaren Materialien aus der Vergangenheit).<\/p>\n<p><a href=\"http:\/\/fifties-horror.de\/filecollection\/2016\/12\/Cross100Bild0.jpg\"><img loading=\"lazy\" decoding=\"async\" class=\"aligncenter size-full wp-image-7261\" src=\"http:\/\/fifties-horror.de\/filecollection\/2016\/12\/Cross100Bild0.jpg\" alt=\"Cross100Bild0\" width=\"1186\" height=\"1796\" srcset=\"http:\/\/fifties-horror.de\/filecollection\/2016\/12\/Cross100Bild0.jpg 1186w, http:\/\/fifties-horror.de\/filecollection\/2016\/12\/Cross100Bild0-198x300.jpg 198w, http:\/\/fifties-horror.de\/filecollection\/2016\/12\/Cross100Bild0-768x1163.jpg 768w, http:\/\/fifties-horror.de\/filecollection\/2016\/12\/Cross100Bild0-676x1024.jpg 676w, http:\/\/fifties-horror.de\/filecollection\/2016\/12\/Cross100Bild0-624x945.jpg 624w\" sizes=\"(max-width: 1186px) 100vw, 1186px\" \/><\/a><\/p>\n<p>Und wieder mal haut mich Alan Moore aus den Latschen. Ein prickelndes Gef\u00fchl unterm Hirnkasten verr\u00e4t mir, dass ich <strong>schon wieder ein Moore-Meisterst\u00fcck <\/strong>genie\u00dfen darf. Obwohl auch er den schlimmen Logik-Bruch im CROSSED-Konzept verwendet (und sogar handlungstechnisch essenziell braucht).<br \/>\nWie in den ersten Heften seiner LEAGUE OF EXTRAORDINARY GENTLEMEN (die folgenden Abenteuer sind bei weitem nicht mehr so gut!) bin ich restlos begeistert, was vor meinen Augen entrollt wird. (Eine Rezension der LEAGUE-Omnibus-Ausgabe findet sich hier auf \u00fcbrigens auf dem COMICOSKOP-Blog, bitte bis <a href=\"http:\/\/www.comicoskop.com\/der-comic-snob\/\">Eintrag IX.<\/a> runterscrollen &#8230;<\/p>\n<p>Hauptfigur in CROSSED + ONE HUNDRED ist die Historikerin Future Taylor, die mit einem Erkundungstrupp die Region auskundschaftet: Die Entdeckung von <strong>kryptischen Schriftst\u00fccken und seltsamen Reliquien<\/strong> wechselt sich ab mit Feuergefechten gegen versprengte \u201eGekreuzte\u201c.<br \/>\nDie Bedrohung durch die irren M\u00f6rder ist in den Hintergrund getreten, da die Gekreuzten zu autoaggressiv f\u00fcr eine planvolle Vermehrung sind. Sie scheinen auszusterben, Betonung auf \u201escheinen\u201c, denn Taylor findet Hinweise auf eine Vernetzung der verbliebenen Infizierten-\u201eNester\u201c.<\/p>\n<p><a href=\"http:\/\/fifties-horror.de\/filecollection\/2016\/12\/Cross100Bild1.jpg\"><img loading=\"lazy\" decoding=\"async\" class=\"aligncenter size-full wp-image-7266\" src=\"http:\/\/fifties-horror.de\/filecollection\/2016\/12\/Cross100Bild1.jpg\" alt=\"Cross100Bild1\" width=\"1117\" height=\"1777\" srcset=\"http:\/\/fifties-horror.de\/filecollection\/2016\/12\/Cross100Bild1.jpg 1117w, http:\/\/fifties-horror.de\/filecollection\/2016\/12\/Cross100Bild1-189x300.jpg 189w, http:\/\/fifties-horror.de\/filecollection\/2016\/12\/Cross100Bild1-768x1222.jpg 768w, http:\/\/fifties-horror.de\/filecollection\/2016\/12\/Cross100Bild1-644x1024.jpg 644w, http:\/\/fifties-horror.de\/filecollection\/2016\/12\/Cross100Bild1-624x993.jpg 624w\" sizes=\"(max-width: 1117px) 100vw, 1117px\" \/><\/a><\/p>\n<p>Es ist schlichtweg genial, wie Autor Moore <strong>Puzzlest\u00fcck um Puzzlest\u00fcck<\/strong> umdreht, bis sich eine fantastische Erkenntnis ins Bewusstsein frisst. Der Clou ist n\u00e4mlich der, dass Moore mit einem heimlichen, nicht mehr pr\u00e4senten Protagonisten operiert.<br \/>\nIn R\u00fcckblenden (sowie in Taylors Vermutungen) lernen wir Beau Salt kennen, einen Mann, der von der Infektionsplage unber\u00fchrt blieb!<br \/>\nWarum er das ist, und welcher Plan daraus erw\u00e4chst, will ich hier nicht verraten. Es ist jedoch ein simpler Kniff, der auch wilden und schwarzen Humor ins Spiel bringt (naja, am Rande, Moore nutzt ihn f\u00fcr fantastische Anekdoten).<\/p>\n<p><strong>Und Alan Moore w\u00e4re nicht Alan Moore, wenn er nicht noch einen drauflegte!<\/strong> Wie ein Marktschreier packt Moore seinen Lesern noch Zugabe um Zugabe obendrauf: nicht nur eine spannende Apokalypse mit glaubw\u00fcrdigem Setting und interessanten Figuren, nicht nur ausgreifend erz\u00e4hlt und grafisch beeindruckend umgesetzt, nicht nur trickreich komponiert und \u00fcberraschend wie ein Thriller \u2013 nein, auch noch geschrieben in einer Sprache, die man sich erst mal erschlie\u00dfen muss!<\/p>\n<p>Moore, der Hund, erfindet mal eben so einen <strong>\u201eZukunftssprech\u201c,<\/strong> der vielleicht ein kleines bisschen l\u00e4cherlich ist, aber eine weitere Ebene der Authentizit\u00e4t aufschlie\u00dft, die den Erz\u00e4hl-Kosmos abrundet. Drunter macht es ein Moore einfach nicht!<\/p>\n<p><a href=\"http:\/\/fifties-horror.de\/filecollection\/2016\/12\/Cross100Bild2.jpg\"><img loading=\"lazy\" decoding=\"async\" class=\"aligncenter size-full wp-image-7267\" src=\"http:\/\/fifties-horror.de\/filecollection\/2016\/12\/Cross100Bild2.jpg\" alt=\"Cross100Bild2\" width=\"1091\" height=\"1744\" srcset=\"http:\/\/fifties-horror.de\/filecollection\/2016\/12\/Cross100Bild2.jpg 1091w, http:\/\/fifties-horror.de\/filecollection\/2016\/12\/Cross100Bild2-188x300.jpg 188w, http:\/\/fifties-horror.de\/filecollection\/2016\/12\/Cross100Bild2-768x1228.jpg 768w, http:\/\/fifties-horror.de\/filecollection\/2016\/12\/Cross100Bild2-641x1024.jpg 641w, http:\/\/fifties-horror.de\/filecollection\/2016\/12\/Cross100Bild2-624x997.jpg 624w\" sizes=\"(max-width: 1091px) 100vw, 1091px\" \/><\/a><\/p>\n<p>CROSSED + ONE HUNDRED ist ein Hammer, ein brillantes St\u00fcck Comicliteratur. <strong>Finger weg allerdings, wenn Sie kein Tintenblut sehen k\u00f6nnen.<\/strong><br \/>\nAber was bleibt Ihnen dann noch an Grenzen sprengenden Comics?!<br \/>\nViele Meilensteine des Mediums sind w\u00fcste Thriller, dunkle Dystopien oder blutige Crime-Noir-Stoffe (SIN CITY, WATCHMEN, DARK KNIGHT, 2000 A.D., METAL HURLANT, wahrscheinlich muss man auch SAGA, SCALPED und SPAWN nennen\u2026).<\/p>\n<div id=\"attachment_7263\" style=\"width: 1110px\" class=\"wp-caption aligncenter\"><a href=\"http:\/\/fifties-horror.de\/filecollection\/2016\/12\/Crossed3.jpg\"><img loading=\"lazy\" decoding=\"async\" aria-describedby=\"caption-attachment-7263\" class=\"wp-image-7263 size-full\" src=\"http:\/\/fifties-horror.de\/filecollection\/2016\/12\/Crossed3.jpg\" alt=\"Crossed3\" width=\"1100\" height=\"1701\" srcset=\"http:\/\/fifties-horror.de\/filecollection\/2016\/12\/Crossed3.jpg 1100w, http:\/\/fifties-horror.de\/filecollection\/2016\/12\/Crossed3-194x300.jpg 194w, http:\/\/fifties-horror.de\/filecollection\/2016\/12\/Crossed3-768x1188.jpg 768w, http:\/\/fifties-horror.de\/filecollection\/2016\/12\/Crossed3-662x1024.jpg 662w, http:\/\/fifties-horror.de\/filecollection\/2016\/12\/Crossed3-624x965.jpg 624w\" sizes=\"(max-width: 1100px) 100vw, 1100px\" \/><\/a><p id=\"caption-attachment-7263\" class=\"wp-caption-text\">Darm mit Charme? Nein! Ein Totengel\u00e4ut in CROSSED-Manier!<\/p><\/div>\n<p>Aber nochmal zur\u00fcck zu den soziologischen Implikationen. <strong>Was sagt die Erfindung von CROSSED \u00fcber unsere Gesellschaft aus?<\/strong> Erleben wir hier ein \u201eUpgrade\u201c des Mode-Monsters der letzten Jahre?<br \/>\nDer <strong>Zombie<\/strong> war einst nur unheimlicher Voodoo-Sklave (I WALKED WITH A ZOMBIE), dann konkrete, doch beh\u00e4big agierende Bedrohung (Romeros NIGHT OF THE LIVING DEAD), dann flinker Killer (28 DAYS LATER), dann flutartige Globalkatastrophe (WORLD WAR Z) und schlie\u00dflich die menschenqu\u00e4lerische Bestie in uns allen (CROSSED)?<\/p>\n<p><strong>Sind die \u201eGekreuzten\u201c die neuen Wutb\u00fcrger?<\/strong> Die ausrastenden Aussteiger? Macht uns der Turbokapitalismus zu Turbosadisten? Eine Welt ohne Gerechtigkeit braucht keine Moral mehr!<\/p>\n<p>Wom\u00f6glich pr\u00e4sentiert uns CROSSED eine analoge Rettung aus der Digitalgesellschaft.<br \/>\nApocalypse now! Ist die <strong>Sehnsucht nach der Apokalypse eine Erl\u00f6sungsfantasie<\/strong> aus unserer allt\u00e4glichen Entfremdung mit dem Dasein? Wie oft haben SIE bei der Lekt\u00fcre dieses Artikels nach Ihrem Smartphone gegriffen? Jeder Blick auf IHR Smartphone zaubert MIR einen kreuzf\u00f6rmigen Ausschlag ins Gesicht!<\/p>\n<div id=\"attachment_7264\" style=\"width: 1110px\" class=\"wp-caption aligncenter\"><a href=\"http:\/\/fifties-horror.de\/filecollection\/2016\/12\/Crossed2.jpg\"><img loading=\"lazy\" decoding=\"async\" aria-describedby=\"caption-attachment-7264\" class=\"wp-image-7264 size-full\" src=\"http:\/\/fifties-horror.de\/filecollection\/2016\/12\/Crossed2.jpg\" alt=\"Crossed2\" width=\"1100\" height=\"851\" srcset=\"http:\/\/fifties-horror.de\/filecollection\/2016\/12\/Crossed2.jpg 1100w, http:\/\/fifties-horror.de\/filecollection\/2016\/12\/Crossed2-300x232.jpg 300w, http:\/\/fifties-horror.de\/filecollection\/2016\/12\/Crossed2-768x594.jpg 768w, http:\/\/fifties-horror.de\/filecollection\/2016\/12\/Crossed2-1024x792.jpg 1024w, http:\/\/fifties-horror.de\/filecollection\/2016\/12\/Crossed2-624x483.jpg 624w\" sizes=\"(max-width: 1100px) 100vw, 1100px\" \/><\/a><p id=\"caption-attachment-7264\" class=\"wp-caption-text\">Wieviel h\u00f6llischer Wahnsinn passt in ein Bild?<\/p><\/div>\n<p><em>\u00a0Alle Abbildungen in diesem Post \u2013 \u00a9 Avatar Press<\/em><\/p>\n<p><strong>\u00a0<\/strong><\/p>\n<p>&nbsp;<\/p>\n","protected":false},"excerpt":{"rendered":"<p>Ist diese Serie reiner Sadismus in Comicform \u2013 oder doch intelligente Unterhaltung? Ein Lekt\u00fcrebericht von unserem Till-Mann f\u00fcrs Grobe Sitzen wir mal kross zu Gericht \u00fcber die krasse Serie CROSSED vom Krawallverlag Avatar Press! So dadaistisch-verquer und leger dieser Eingangssatz klingt, so entspannt und distanziert sollte man den Aufreger CROSSED beleuchten. Geskriptet von Garth Ennis [&hellip;]<\/p>\n","protected":false},"author":4,"featured_media":0,"parent":3594,"menu_order":0,"comment_status":"closed","ping_status":"closed","template":"page-wissen.php","meta":{"footnotes":""},"_links":{"self":[{"href":"http:\/\/fifties-horror.de\/index.php?rest_route=\/wp\/v2\/pages\/7258"}],"collection":[{"href":"http:\/\/fifties-horror.de\/index.php?rest_route=\/wp\/v2\/pages"}],"about":[{"href":"http:\/\/fifties-horror.de\/index.php?rest_route=\/wp\/v2\/types\/page"}],"author":[{"embeddable":true,"href":"http:\/\/fifties-horror.de\/index.php?rest_route=\/wp\/v2\/users\/4"}],"replies":[{"embeddable":true,"href":"http:\/\/fifties-horror.de\/index.php?rest_route=%2Fwp%2Fv2%2Fcomments&post=7258"}],"version-history":[{"count":6,"href":"http:\/\/fifties-horror.de\/index.php?rest_route=\/wp\/v2\/pages\/7258\/revisions"}],"predecessor-version":[{"id":7272,"href":"http:\/\/fifties-horror.de\/index.php?rest_route=\/wp\/v2\/pages\/7258\/revisions\/7272"}],"up":[{"embeddable":true,"href":"http:\/\/fifties-horror.de\/index.php?rest_route=\/wp\/v2\/pages\/3594"}],"wp:attachment":[{"href":"http:\/\/fifties-horror.de\/index.php?rest_route=%2Fwp%2Fv2%2Fmedia&parent=7258"}],"curies":[{"name":"wp","href":"https:\/\/api.w.org\/{rel}","templated":true}]}}