{"id":3594,"date":"2013-08-06T11:33:44","date_gmt":"2013-08-06T09:33:44","guid":{"rendered":"http:\/\/fifties-horror.de\/?page_id=3594"},"modified":"2013-08-06T15:02:09","modified_gmt":"2013-08-06T13:02:09","slug":"wissen","status":"publish","type":"page","link":"https:\/\/fifties-horror.de\/?page_id=3594","title":{"rendered":"Wissen"},"content":{"rendered":"<p>Die folgenden Essays helfen Ihnen, sich im Kosmos der 1950er Horrorcomics zurechtzufinden. Der Literatur- und Reprint-Guide ist gedacht f\u00fcr alle, die sich selber auf die Reise begeben m\u00f6chten. Hier listen wir s\u00e4mtliche Quellen, die f\u00fcr FIFTIES HORROR relevant sind.<\/p>\n","protected":false},"excerpt":{"rendered":"<p>Die folgenden Essays helfen Ihnen, sich im Kosmos der 1950er Horrorcomics zurechtzufinden. Der Literatur- und Reprint-Guide ist gedacht f\u00fcr alle, die sich selber auf die Reise begeben m\u00f6chten. Hier listen wir s\u00e4mtliche Quellen, die f\u00fcr FIFTIES HORROR relevant sind.<\/p>\n","protected":false},"author":4,"featured_media":3802,"parent":0,"menu_order":2,"comment_status":"closed","ping_status":"closed","template":"page-templates\/full-width.php","meta":{"footnotes":""},"_links":{"self":[{"href":"https:\/\/fifties-horror.de\/index.php?rest_route=\/wp\/v2\/pages\/3594"}],"collection":[{"href":"https:\/\/fifties-horror.de\/index.php?rest_route=\/wp\/v2\/pages"}],"about":[{"href":"https:\/\/fifties-horror.de\/index.php?rest_route=\/wp\/v2\/types\/page"}],"author":[{"embeddable":true,"href":"https:\/\/fifties-horror.de\/index.php?rest_route=\/wp\/v2\/users\/4"}],"replies":[{"embeddable":true,"href":"https:\/\/fifties-horror.de\/index.php?rest_route=%2Fwp%2Fv2%2Fcomments&post=3594"}],"version-history":[{"count":0,"href":"https:\/\/fifties-horror.de\/index.php?rest_route=\/wp\/v2\/pages\/3594\/revisions"}],"wp:featuredmedia":[{"embeddable":true,"href":"https:\/\/fifties-horror.de\/index.php?rest_route=\/wp\/v2\/media\/3802"}],"wp:attachment":[{"href":"https:\/\/fifties-horror.de\/index.php?rest_route=%2Fwp%2Fv2%2Fmedia&parent=3594"}],"curies":[{"name":"wp","href":"https:\/\/api.w.org\/{rel}","templated":true}]}}