{"id":3621,"date":"2013-08-06T11:56:21","date_gmt":"2013-08-06T09:56:21","guid":{"rendered":"http:\/\/fifties-horror.de\/?page_id=3621"},"modified":"2013-08-06T15:05:04","modified_gmt":"2013-08-06T13:05:04","slug":"comics-unter-dem-code","status":"publish","type":"page","link":"https:\/\/fifties-horror.de\/?page_id=3621","title":{"rendered":"Comics unter dem Code"},"content":{"rendered":"<p>Wie andernorts schon erw\u00e4hnt, griff der Comicindustrie um den Jahreswechsel 1954\/55 herum eine Macht ins Rad, die die Inhalte der Hefte brutal beeinflusste. Die Pr\u00fcfer der Zensurbeh\u00f6rde \u201eComics Code Authority\u201c bekamen jeden Comic vor Ver\u00f6ffentlichung vorgelegt und achteten penibel darauf, dass gewisse Restriktionen eingehalten wurden.<\/p>\n<p>Der Comics Code verbat sich nicht nur blutige Gewaltdarstellungen und das Auftauchen von Zombies, Vampiren und Werw\u00f6lfen, sondern retuschierte auch Waffen aus den Bildern heraus, bereinigte sprachliche Saloppheiten, zog Dekolletes in die H\u00f6he und achtete \u00fcberhaupt auf ein manierliches Auskommen zwischen den Geschlechtern.<br \/>\nUnvorstellbar wurden Geschichten, die noch ein Jahr zuvor ein Gros der Hefte best\u00fcckt hatte. M\u00f6rderische Beziehungsdreiecke, rei\u00dferische R\u00e4uberpistolen oder t\u00f6dliche Ausfl\u00fcge nach Transsylvanien geh\u00f6rten f\u00fcr die n\u00e4chsten zehn Jahre der Vergangenheit an.<br \/>\n<strong>Von den rund zwei Dutzend Horrorverlagen, die 1954 noch aktiv waren, waren ganze drei im Jahre 1956 noch mit einem weichgesp\u00fclten Gruselangebot auf dem Feld: die American Comics Group (ACG), DC und Atlas.<\/strong><\/p>\n<p><a href=\"http:\/\/fifties-horror.de\/filecollection\/2011\/10\/FrozenCover.jpg\"><img loading=\"lazy\" decoding=\"async\" class=\"size-full wp-image-1811 alignright\" title=\"FrozenCover\" alt=\"\" src=\"http:\/\/fifties-horror.de\/filecollection\/2011\/10\/FrozenCover.jpg\" width=\"324\" height=\"487\" srcset=\"https:\/\/fifties-horror.de\/filecollection\/2011\/10\/FrozenCover.jpg 1000w, https:\/\/fifties-horror.de\/filecollection\/2011\/10\/FrozenCover-199x300.jpg 199w, https:\/\/fifties-horror.de\/filecollection\/2011\/10\/FrozenCover-682x1024.jpg 682w, https:\/\/fifties-horror.de\/filecollection\/2011\/10\/FrozenCover-624x936.jpg 624w\" sizes=\"(max-width: 324px) 100vw, 324px\" \/><\/a>\u201eAch, komm!\u201c, werden Sie, liebe Leser, jetzt sagen. So dramatisch kann das doch alles gar nicht gewesen sein. Dann ver\u00f6ffentlicht man eben ein paar Thriller- oder Spukgeschichten, geht doch auch.<br \/>\nIrrtum! Es handelte sich um einen <strong>einschneidenden Paradigmenwechsel<\/strong>. Wie einschneidend, will ich einmal an einer Atlas-Beispielgeschichte aus dem Dezember 1955 erl\u00e4utern.<\/p>\n<p><span style=\"color: #ff0000;\">\u201eThe Frozen Food\u201c (SPELLBOUND Nr. 25)<\/span><\/p>\n<p>Betrachten wir zun\u00e4chst das Titelbild dieser Ausgabe \u2013 oben rechts prangt prominent das Best\u00e4tigungs-Siegel \u201eapproved by the comics code authority\u201c (hat die Zensur durchlaufen). Hefte ohne Siegel wurden am Kiosk nicht ausgelegt, das war die \u00f6konomische Daumenschraube, die den Verlegern angelegt worden war.<\/p>\n<p>Das Cover ist bereits eine pure Verlegenheitsl\u00f6sung. Das Heft verspricht Mystery (\u201eStories to hold you SPELLBOUND\u201c \u2013 etwa: Geschichten, die dich in den Bann schlagen), darf aber keine Mystery darstellen. Deshalb schauen wir auf einen etwas geb\u00fcckt dastehenden Kerl in gr\u00fcnem Anzug, der sich eine Sonnenbrille vom Kopf gezogen hat. Das erschreckt offensichtlich einige Passanten. Der Betrachter dieses Titelbildes ist angehalten, aus seiner eigenen Phantasie heraus eine Bedrohung zu konstruieren.<\/p>\n<p>In Pre-Code-Zeiten w\u00e4ren Macher und Konsumenten vor Lachen unter den Tisch gefallen, h\u00e4tte man ihnen so ein Cover vorgehalten. Amerikaner bezeichnen ein solches Motiv als \u201elame\u201c. Lahmarschig, dr\u00f6ge, irgendwie peinlich auch. Es kommt noch schlimmer.<\/p>\n<p>Gehen wir Geschichte Nummer F\u00fcnf (die letzte in SPELLBOUND Nr. 25) durch. Sie hei\u00dft \u201eThe Frozen Food\u201c, die Tiefk\u00fchlnahrung. Wie bitte?! Oja! Die Tiefk\u00fchlnahrung.<\/p>\n<p><a href=\"http:\/\/fifties-horror.de\/filecollection\/2011\/10\/Frozen1.jpg\"><img loading=\"lazy\" decoding=\"async\" class=\"alignleft size-full wp-image-1812\" title=\"Frozen1\" alt=\"\" src=\"http:\/\/fifties-horror.de\/filecollection\/2011\/10\/Frozen1.jpg\" width=\"1000\" height=\"1443\" srcset=\"https:\/\/fifties-horror.de\/filecollection\/2011\/10\/Frozen1.jpg 1000w, https:\/\/fifties-horror.de\/filecollection\/2011\/10\/Frozen1-207x300.jpg 207w, https:\/\/fifties-horror.de\/filecollection\/2011\/10\/Frozen1-709x1024.jpg 709w, https:\/\/fifties-horror.de\/filecollection\/2011\/10\/Frozen1-624x900.jpg 624w\" sizes=\"(max-width: 1000px) 100vw, 1000px\" \/><\/a><\/p>\n<p>Es beginnt durchaus klassisch. Ein Ehepaar liegt in erbittertem Streit. Die Tiefk\u00fchltruhe im Keller wurde gepl\u00fcndert, die Frau gibt sich ahnungslos. Der Mann st\u00fcrmt w\u00fctend aus dem Haus.<br \/>\nDer Gruselkenner denkt sich: Nanu, komischer Aufh\u00e4nger, aber gleich wird die Frau zerst\u00fcckelt und (wie es sich geh\u00f6rt) in der Truhe entsorgt werden. Pustekuchen!<\/p>\n<p><a href=\"http:\/\/fifties-horror.de\/filecollection\/2011\/10\/Frozen2.jpg\"><img loading=\"lazy\" decoding=\"async\" class=\"alignleft size-full wp-image-1813\" title=\"Frozen2\" alt=\"\" src=\"http:\/\/fifties-horror.de\/filecollection\/2011\/10\/Frozen2.jpg\" width=\"1000\" height=\"1438\" srcset=\"https:\/\/fifties-horror.de\/filecollection\/2011\/10\/Frozen2.jpg 1000w, https:\/\/fifties-horror.de\/filecollection\/2011\/10\/Frozen2-208x300.jpg 208w, https:\/\/fifties-horror.de\/filecollection\/2011\/10\/Frozen2-712x1024.jpg 712w, https:\/\/fifties-horror.de\/filecollection\/2011\/10\/Frozen2-624x897.jpg 624w\" sizes=\"(max-width: 1000px) 100vw, 1000px\" \/><\/a><\/p>\n<p>Stattdessen schiebt der Mann einen Kontrollkomplex vor sich her, denn erneut wird die Tiefk\u00fchlnahrung auf mysteri\u00f6se Weise entwendet. Jetzt stellt der Mann seiner Frau eine Falle, er legt sich nachts neben der Truhe im Keller auf die Lauer.<br \/>\nDer Gruselkenner denkt sich: Nanu, hat der Vogel sonst keine Sorgen? Aber da geschieht etwas! Ger\u00e4usche ert\u00f6nen aus der Truhe. Aha, Ratten oder Monster aus dem Erdinnern greifen an. Mitnichten!<\/p>\n<p><a href=\"http:\/\/fifties-horror.de\/filecollection\/2011\/10\/Frozen3.jpg\"><img loading=\"lazy\" decoding=\"async\" class=\"alignleft size-full wp-image-1814\" title=\"Frozen3\" alt=\"\" src=\"http:\/\/fifties-horror.de\/filecollection\/2011\/10\/Frozen3.jpg\" width=\"1000\" height=\"1474\" srcset=\"https:\/\/fifties-horror.de\/filecollection\/2011\/10\/Frozen3.jpg 1000w, https:\/\/fifties-horror.de\/filecollection\/2011\/10\/Frozen3-203x300.jpg 203w, https:\/\/fifties-horror.de\/filecollection\/2011\/10\/Frozen3-694x1024.jpg 694w, https:\/\/fifties-horror.de\/filecollection\/2011\/10\/Frozen3-624x919.jpg 624w\" sizes=\"(max-width: 1000px) 100vw, 1000px\" \/><\/a><\/p>\n<p>Der Mann entdeckt zun\u00e4chst mal \u2013 nichts. Dann einen unterirdischen Gang, was geht denn hier ab? Wie Alice durch den Kaninchenbau hinabsteigt, ger\u00e4t der Mann in eine wundersame Parallelwelt.<br \/>\nDer Gruselkenner denkt sich: Nanu, komische Entwicklung, aber gleich wird\u2019s bitterernst. Die Unholde aus dem Erdinnern werden erst den Mann, dann seine Frau verspeisen und hernach die Welt erobern. Von wegen!<\/p>\n<p><a href=\"http:\/\/fifties-horror.de\/filecollection\/2011\/10\/Frozen4.jpg\"><img loading=\"lazy\" decoding=\"async\" class=\"alignleft size-full wp-image-1815\" title=\"Frozen4\" alt=\"\" src=\"http:\/\/fifties-horror.de\/filecollection\/2011\/10\/Frozen4.jpg\" width=\"1000\" height=\"1480\" srcset=\"https:\/\/fifties-horror.de\/filecollection\/2011\/10\/Frozen4.jpg 1000w, https:\/\/fifties-horror.de\/filecollection\/2011\/10\/Frozen4-202x300.jpg 202w, https:\/\/fifties-horror.de\/filecollection\/2011\/10\/Frozen4-691x1024.jpg 691w, https:\/\/fifties-horror.de\/filecollection\/2011\/10\/Frozen4-624x923.jpg 624w\" sizes=\"(max-width: 1000px) 100vw, 1000px\" \/><\/a><\/p>\n<p>Putzige, harmlose, geschlechtslose Zwerglein, die ausschauen wie aus der Pharmawerbung entsprungen, hocken beim gem\u00fctlichen Picknick mit Tiefk\u00fchlnahrung und labern einen Gutmenschensalbader daher, der jedes Pfadfindertreffen auf das Niveau von Krawalltagen hebt.<br \/>\nDer Gruselkenner denkt sich: Nanu, mir wird so komisch. Aber gleich stellen sie den Mann und werden ihn zerrei\u00dfen, das kann ja nur teuflische Fassade sein. Weit gefehlt!<\/p>\n<p><a href=\"http:\/\/fifties-horror.de\/filecollection\/2011\/10\/Frozen5.jpg\"><img loading=\"lazy\" decoding=\"async\" class=\"alignleft size-full wp-image-1816\" title=\"Frozen5\" alt=\"\" src=\"http:\/\/fifties-horror.de\/filecollection\/2011\/10\/Frozen5.jpg\" width=\"1000\" height=\"1449\" srcset=\"https:\/\/fifties-horror.de\/filecollection\/2011\/10\/Frozen5.jpg 1000w, https:\/\/fifties-horror.de\/filecollection\/2011\/10\/Frozen5-207x300.jpg 207w, https:\/\/fifties-horror.de\/filecollection\/2011\/10\/Frozen5-706x1024.jpg 706w, https:\/\/fifties-horror.de\/filecollection\/2011\/10\/Frozen5-624x904.jpg 624w\" sizes=\"(max-width: 1000px) 100vw, 1000px\" \/><\/a><\/p>\n<p>Die Pharmazwerge wollen ihn bei sich aufnehmen und versprechen ihm ewiges Gl\u00fcck?!<\/p>\n<p>Das r\u00fchrt den Mann derma\u00dfen, dass er schlagartig vom Miesepeter zum Sunnyboy wird?!<\/p>\n<p>Im Keller h\u00f6rt er sein Weib vor der Tiefk\u00fchltruhe schluchzen und kann pl\u00f6tzlich ihre Gedanken lesen?!<\/p>\n<p>Diese Gedanken gelten seiner Liebe?!<\/p>\n<p>Der Mann springt aus der Truhe in die Arme seiner sehns\u00fcchtigen Frau?!<\/p>\n<p>Schlussbild: Sie k\u00fcssen sich. Sie k\u00fcssen sich?! <strong>Sie k\u00fcssen sich!<\/strong><\/p>\n<p>Der Gruselkenner denkt sich: Wohin bitte kann ich mich hier mal rasch \u00fcbergeben?<\/p>\n<p>Das ist ein Horror, wie ich ihn tats\u00e4chlich nie erwartet h\u00e4tte. Alles in allem ist \u201eThe Frozen Food\u201c so etwas wie eine Heile-Welt-Disney-Parodie auf den Precode-Horror. Und darin ist sie wahrhaft erschreckend.<\/p>\n<p>(Klicken Sie jetzt bitte schnell woandershin weiter. Denken Sie nicht l\u00e4nger \u00fcber diese Geschichte nach! Dies kann zu b\u00f6sen Schwindelanf\u00e4llen f\u00fchren! Vielen Dank f\u00fcr Ihr Verst\u00e4ndnis.)<\/p>\n<p>&nbsp;<\/p>\n","protected":false},"excerpt":{"rendered":"<p>Wie andernorts schon erw\u00e4hnt, griff der Comicindustrie um den Jahreswechsel 1954\/55 herum eine Macht ins Rad, die die Inhalte der Hefte brutal beeinflusste. Die Pr\u00fcfer der Zensurbeh\u00f6rde \u201eComics Code Authority\u201c bekamen jeden Comic vor Ver\u00f6ffentlichung vorgelegt und achteten penibel darauf, dass gewisse Restriktionen eingehalten wurden. Der Comics Code verbat sich nicht nur blutige Gewaltdarstellungen und [&hellip;]<\/p>\n","protected":false},"author":4,"featured_media":3802,"parent":3594,"menu_order":10,"comment_status":"closed","ping_status":"closed","template":"page-wissen.php","meta":{"footnotes":""},"_links":{"self":[{"href":"https:\/\/fifties-horror.de\/index.php?rest_route=\/wp\/v2\/pages\/3621"}],"collection":[{"href":"https:\/\/fifties-horror.de\/index.php?rest_route=\/wp\/v2\/pages"}],"about":[{"href":"https:\/\/fifties-horror.de\/index.php?rest_route=\/wp\/v2\/types\/page"}],"author":[{"embeddable":true,"href":"https:\/\/fifties-horror.de\/index.php?rest_route=\/wp\/v2\/users\/4"}],"replies":[{"embeddable":true,"href":"https:\/\/fifties-horror.de\/index.php?rest_route=%2Fwp%2Fv2%2Fcomments&post=3621"}],"version-history":[{"count":0,"href":"https:\/\/fifties-horror.de\/index.php?rest_route=\/wp\/v2\/pages\/3621\/revisions"}],"up":[{"embeddable":true,"href":"https:\/\/fifties-horror.de\/index.php?rest_route=\/wp\/v2\/pages\/3594"}],"wp:featuredmedia":[{"embeddable":true,"href":"https:\/\/fifties-horror.de\/index.php?rest_route=\/wp\/v2\/media\/3802"}],"wp:attachment":[{"href":"https:\/\/fifties-horror.de\/index.php?rest_route=%2Fwp%2Fv2%2Fmedia&parent=3621"}],"curies":[{"name":"wp","href":"https:\/\/api.w.org\/{rel}","templated":true}]}}