{"id":3633,"date":"2013-08-06T12:01:29","date_gmt":"2013-08-06T10:01:29","guid":{"rendered":"http:\/\/fifties-horror.de\/?page_id=3633"},"modified":"2013-08-06T15:06:43","modified_gmt":"2013-08-06T13:06:43","slug":"standard-horror","status":"publish","type":"page","link":"https:\/\/fifties-horror.de\/?page_id=3633","title":{"rendered":"STANDARD HORROR"},"content":{"rendered":"<p>Der Standard-Verlag ver\u00f6ffentlichte 31 Horrorhefte und geh\u00f6rt damit ins solide Mittelfeld der Gruselproduzenten.<\/p>\n<p>Das Studium dieser Hefte f\u00fchrte mich zu einem schmerzlichen Schnellurteil: Standard Comics sind au\u00dfen hui, innen pfui. Es ist die nackte Schande. Der Verlag besch\u00e4ftigt hochtalentierte Zeichner, die uninteressanten Rotz illustrieren m\u00fcssen. Das tut weh.<\/p>\n<p>STANDARD HORROR sieht umwerfend gut aus, ist inhaltlich jedoch meist unter aller Kanone. Etliche Geschichten haben mich beinahe zu Tode gelangweilt (vielleicht hat man bei Standard die Funktion eines Horrorcomics falsch verstanden).<\/p>\n<div id=\"attachment_3537\" style=\"width: 568px\" class=\"wp-caption alignleft\"><a href=\"http:\/\/fifties-horror.de\/filecollection\/2013\/07\/StandLogo2.jpg\"><img loading=\"lazy\" decoding=\"async\" aria-describedby=\"caption-attachment-3537\" class=\" wp-image-3537 \" alt=\"StandLogo2\" src=\"http:\/\/fifties-horror.de\/filecollection\/2013\/07\/StandLogo2.jpg\" width=\"558\" height=\"71\" srcset=\"https:\/\/fifties-horror.de\/filecollection\/2013\/07\/StandLogo2.jpg 620w, https:\/\/fifties-horror.de\/filecollection\/2013\/07\/StandLogo2-300x38.jpg 300w\" sizes=\"(max-width: 558px) 100vw, 558px\" \/><\/a><p id=\"caption-attachment-3537\" class=\"wp-caption-text\">Hah! Versprechungen, Versprechungen&#8230;<\/p><\/div>\n<p>Diese Hefte pr\u00e4sentieren ein willk\u00fcrliches Mischmasch an Themen, als h\u00e4tten die Autoren alle verf\u00fcgbaren Handlungs-Klischees der Reihe nach abgehakt: Was mit Musikern, T\u00e4nzern, Zirkusartisten, Meerjungfrauen, Rieseninsekten, S\u00fcmpfen, Kannibalen, Fl\u00fcchen, Spielern, Schatzgr\u00e4bern, und dann auch noch was mit Henkern und abgetrennten H\u00e4nden (\u00fcbrigens nicht dieselbe Geschichte).<br \/>\nDes weiteren wimmeln diese Hefte nur so von Kurzgeschichten und Minigeschichten und &#8222;F\u00fcllern&#8220; von sogar halben Seiten (nie ein gutes Zeichen).<\/p>\n<p>Zudem bekommen die sehenswerten Zeichner oft nur eine Handvoll Seiten zugeteilt: Da haben sie geniale K\u00fcnstler wie <strong>Alex Toth, Nick Cardy, John Celardo, Gene Fawcette, Jack Katz<\/strong> und <strong>Ross Andru<\/strong> im Stall, und dann wird das Gros der Produktion doch von den Arbeitspferden <strong>Mike Sekowsky, Rocco Mastroserio<\/strong> und <strong>George Roussos<\/strong> erledigt.<\/p>\n<div id=\"attachment_3539\" style=\"width: 466px\" class=\"wp-caption alignright\"><a href=\"http:\/\/fifties-horror.de\/filecollection\/2013\/07\/masks2.jpg\"><img loading=\"lazy\" decoding=\"async\" aria-describedby=\"caption-attachment-3539\" class=\" wp-image-3539\" alt=\"masks2\" src=\"http:\/\/fifties-horror.de\/filecollection\/2013\/07\/masks2.jpg\" width=\"456\" height=\"345\" srcset=\"https:\/\/fifties-horror.de\/filecollection\/2013\/07\/masks2.jpg 950w, https:\/\/fifties-horror.de\/filecollection\/2013\/07\/masks2-300x227.jpg 300w, https:\/\/fifties-horror.de\/filecollection\/2013\/07\/masks2-624x472.jpg 624w\" sizes=\"(max-width: 456px) 100vw, 456px\" \/><\/a><p id=\"caption-attachment-3539\" class=\"wp-caption-text\">Ausnahmsweise guter &#8222;F\u00fcller&#8220; &#8211; Folklore von Fawcette<\/p><\/div>\n<p>Wobei im selben Atemzug gesagt werden muss, dass Mastroserio prima mith\u00e4lt und der tintenlastige Roussos neben den Meistern nicht mal so verblasst wie es zu erwarten w\u00e4re. Und Sekowsky sieht pr\u00e4chtig wie nie aus! Auch weil er sich oft mit Toth den exzellenten Inker Mike Peppe teilt.<\/p>\n<p>Mastroserio und Sekowsky \u00fcbrigens kommen r\u00fcber vom Ace-Verlag, wo sie zuvor schon Horror produziert haben (Mastroserio war der Inker des noch amateurhaften Lou Cameron). Einerseits ist es eine Freude, sie bei Standard aufbl\u00fchen zu sehen, andererseits sitzt der Schock \u00fcber die faden Stories \u2013 wie eingangs schon erw\u00e4hnt \u2013 tief.<\/p>\n<p>Mike Sekowsky ist befreundet mit dem Ausnahmetalent Alex Toth, beide inspirieren sich gegenseitig zu H\u00f6chstleistungen (FIFTIES HORROR zeigt ihre Geschichten \u201e<a href=\"http:\/\/fifties-horror.de\/lesewiese\/the-good\/the-man-who-was-always-on-time\" target=\"_blank\">The Man Who Was Always On Time<\/a>\u201c, \u201e<a href=\"http:\/\/fifties-horror.de\/lesewiese\/the-ugly\/date-with-a-corpse\" target=\"_blank\">Date With A Corpse<\/a>\u201c, \u201c<a href=\"http:\/\/fifties-horror.de\/lesewiese\/the-good\/the-pit-of-horror\" target=\"_blank\">The Pit Of Horror<\/a>\u201d, und mehr finden sich <a href=\"http:\/\/highest-standard.de\/category\/stories\/\" target=\"_blank\">HIER<\/a> auf unserer STANDARD HORROR-Spezialseite).<\/p>\n<p>Die beiden sollen sogar eine Wette abgeschlossen haben: Toth zeichnet eine Geschichte im Stil von Sekowsky, und Sekowsky zeichnet eine im Stil von Toth. Welche das sind, haben sie nie verraten. Wir haben aber immerhin einen Verdacht bei \u201eDate With A Corpse\u201c \u2026<\/p>\n<p>Die Stimmung im Verlag war offenbar verspielt und kollegial, umso beklagenswerter ist es, dass man sich nicht gro\u00df um die Leser geschert hat. Es findet sich bei STANDARD HORROR keine redaktionelle Ansprache, keine Leserbriefseite \u2013 und auch kein Horror-Host. Also keine Erz\u00e4hlerfigur, die die Handlung der Geschichten in einen Rahmen bettet (und eventuell f\u00fcr ein bisschen Schwung und Farbe sorgen k\u00f6nnte).<\/p>\n<p><a href=\"http:\/\/fifties-horror.de\/filecollection\/2013\/07\/DreiCover.jpg\"><img loading=\"lazy\" decoding=\"async\" class=\"alignleft size-full wp-image-3533\" alt=\"DreiCover\" src=\"http:\/\/fifties-horror.de\/filecollection\/2013\/07\/DreiCover.jpg\" width=\"1000\" height=\"479\" srcset=\"https:\/\/fifties-horror.de\/filecollection\/2013\/07\/DreiCover.jpg 1000w, https:\/\/fifties-horror.de\/filecollection\/2013\/07\/DreiCover-300x143.jpg 300w, https:\/\/fifties-horror.de\/filecollection\/2013\/07\/DreiCover-624x298.jpg 624w\" sizes=\"(max-width: 1000px) 100vw, 1000px\" \/><\/a><\/p>\n<p>Ach, w\u00e4ren meine Haare nicht schon grau gewesen, dann sp\u00e4testens nach der Lekt\u00fcre dieser Hefte. Genug gegreint! STANDARD HORROR hat seine St\u00e4rken, zum Beispiel die Titelbilder. Die sind n\u00e4mlich fantastisch und allererste Sahne!<\/p>\n<p><strong>ADVENTURES INTO DARKNESS<\/strong><\/p>\n<p><strong>OUT OF THE SHADOWS<\/strong><\/p>\n<p><strong>THE UNSEEN<\/strong><\/p>\n<p>Diese drei Heftreihen trumpfen auf mit packenden Szenen, die den Betrachter mitten hinein in ein unangenehmes Geschehen zerren: Vampire, Unholde und Teufel schnappen nach ihren Opfern. Gro\u00dfe Gruselkunst, das sind mit die besten Motive im Pre-Code-Horror.<\/p>\n<p><i>Schneller Exkurs: Die durchg\u00e4ngig besten Horrorcover kommen von Harvey, Comic Media, Gilmor und Standard. Erst dahinter sehe ich Atlas und EC. Meine Meinung. <\/i><\/p>\n<p>Au\u00dferdem mag ich die wundersch\u00f6nen Schriftz\u00fcge der Serien ADVENTURES INTO DARKNESS und THE UNSEEN (das Logo von OUT OF THE SHADOWS ist dagegen zu mechanisch geraten, wie ich finde).<\/p>\n<div id=\"attachment_3532\" style=\"width: 298px\" class=\"wp-caption alignright\"><a href=\"http:\/\/fifties-horror.de\/filecollection\/2013\/07\/BloodSpeedway1.jpg\"><img loading=\"lazy\" decoding=\"async\" aria-describedby=\"caption-attachment-3532\" class=\" wp-image-3532 \" alt=\"BloodSpeedway1\" src=\"http:\/\/fifties-horror.de\/filecollection\/2013\/07\/BloodSpeedway1.jpg\" width=\"288\" height=\"419\" srcset=\"https:\/\/fifties-horror.de\/filecollection\/2013\/07\/BloodSpeedway1.jpg 1000w, https:\/\/fifties-horror.de\/filecollection\/2013\/07\/BloodSpeedway1-702x1024.jpg 702w, https:\/\/fifties-horror.de\/filecollection\/2013\/07\/BloodSpeedway1-624x909.jpg 624w\" sizes=\"(max-width: 288px) 100vw, 288px\" \/><\/a><p id=\"caption-attachment-3532\" class=\"wp-caption-text\">Splash-Page von Mike Sekowsky<\/p><\/div>\n<p>Zum Ende der Ausf\u00fchrungen eine sch\u00f6ne Splash-Page. Ich w\u00e4hle jedoch nicht den Verlags-Star Alex Toth (ein \u201eartists\u2018 artist\u201c, \u00fcber den schon B\u00fccher geschrieben wurden und der bei STANDARD HORROR nur an f\u00fcnfter Stelle in Sachen Produktivit\u00e4t steht), sondern ich w\u00e4hle seinen Kumpel: Mike Sekowsky. Der war zwar ein \u00fcbler Vielzeichner (und hat wahrscheinlich nie selbst getuscht, sondern nur vorgezeichnet), aber er strahlt herrlich wie nie auf seinen 130 Seiten, die er hier abliefert (<em>ja, ich habe sie gez\u00e4hlt<\/em>).<\/p>\n<p>Achso, eins noch: Wer sich mit STANDARD HORROR befasst, wird irritiert feststellen, dass alle Serien mit der Nummer 5 beginnen. Wo sind die Ausgaben 1 bis 4? Ganz simpel: Die gab es nicht. Es war Verlagspolitik bei Standard, s\u00e4mtliche Serien mit der Ausgabe Nummer 5 loslaufen zu lassen! Das ist zwar krank und irgendwie nicht statthaft, aber niemand hat sie dran gehindert. Comic-Historiker mutma\u00dfen, dass diese Taktik eine \u201eeingef\u00fchrte Marke\u201c vort\u00e4uschen sollte. Kioskbesitzer waren wom\u00f6glich unwillig, einem neuen Heft Regalplatz einzur\u00e4umen und legten lieber bew\u00e4hrte Titel aus.<\/p>\n<p>Tja, die Comicindustrie k\u00e4mpfte schon damals mit allen Tricks und harten Bandagen. Deshalb zierten auch h\u00e4ufig Mumien die Cover der Gruselcomics <i>(Tschuldigung!).<\/i><\/p>\n<p>Wer mehr wissen m\u00f6chte, ist herzlich eingeladen, meine englische Webseite <a href=\"http:\/\/highest-standard.de\/\" target=\"_blank\">FICTION HOUSE &amp; STANDARD HORROR <\/a>zu studieren. Auf jeden Fall empfehle ich den Blick auf meine Auswahl von Fiction House-Horrorgeschichten (bunt gemischt), die ich ebendort unter dem Men\u00fcpunkt \u201eStories\u201c pr\u00e4sentiere.<\/p>\n<p>&nbsp;<\/p>\n","protected":false},"excerpt":{"rendered":"<p>Der Standard-Verlag ver\u00f6ffentlichte 31 Horrorhefte und geh\u00f6rt damit ins solide Mittelfeld der Gruselproduzenten. Das Studium dieser Hefte f\u00fchrte mich zu einem schmerzlichen Schnellurteil: Standard Comics sind au\u00dfen hui, innen pfui. Es ist die nackte Schande. Der Verlag besch\u00e4ftigt hochtalentierte Zeichner, die uninteressanten Rotz illustrieren m\u00fcssen. Das tut weh. STANDARD HORROR sieht umwerfend gut aus, ist [&hellip;]<\/p>\n","protected":false},"author":4,"featured_media":3802,"parent":3594,"menu_order":16,"comment_status":"closed","ping_status":"closed","template":"page-wissen.php","meta":{"footnotes":""},"_links":{"self":[{"href":"https:\/\/fifties-horror.de\/index.php?rest_route=\/wp\/v2\/pages\/3633"}],"collection":[{"href":"https:\/\/fifties-horror.de\/index.php?rest_route=\/wp\/v2\/pages"}],"about":[{"href":"https:\/\/fifties-horror.de\/index.php?rest_route=\/wp\/v2\/types\/page"}],"author":[{"embeddable":true,"href":"https:\/\/fifties-horror.de\/index.php?rest_route=\/wp\/v2\/users\/4"}],"replies":[{"embeddable":true,"href":"https:\/\/fifties-horror.de\/index.php?rest_route=%2Fwp%2Fv2%2Fcomments&post=3633"}],"version-history":[{"count":0,"href":"https:\/\/fifties-horror.de\/index.php?rest_route=\/wp\/v2\/pages\/3633\/revisions"}],"up":[{"embeddable":true,"href":"https:\/\/fifties-horror.de\/index.php?rest_route=\/wp\/v2\/pages\/3594"}],"wp:featuredmedia":[{"embeddable":true,"href":"https:\/\/fifties-horror.de\/index.php?rest_route=\/wp\/v2\/media\/3802"}],"wp:attachment":[{"href":"https:\/\/fifties-horror.de\/index.php?rest_route=%2Fwp%2Fv2%2Fmedia&parent=3633"}],"curies":[{"name":"wp","href":"https:\/\/api.w.org\/{rel}","templated":true}]}}