{"id":5137,"date":"2014-05-04T14:21:42","date_gmt":"2014-05-04T12:21:42","guid":{"rendered":"http:\/\/fifties-horror.de\/?page_id=5137"},"modified":"2018-05-08T17:20:05","modified_gmt":"2018-05-08T15:20:05","slug":"live","status":"publish","type":"page","link":"https:\/\/fifties-horror.de\/?page_id=5137","title":{"rendered":"Live"},"content":{"rendered":"<p><strong>FIFTIES HORROR ist auch als Vortragsschau mit Lichtbildern zu erleben.<\/strong><br \/>\nIn wahlweise 30 oder 60 Minuten pr\u00e4sentieren wir den Kosmos der ersten Horrorcomics als \u201eSchnellkurs\u201c f\u00fcr kulturell Interessierte \u2013 so geschehen im K\u00f6lner Filmhaus, der D\u00fcsseldorfer Galerie \u201ereinraum\u201c, auf der K\u00f6lner Comicmesse, den Jahrestagungen der ComFor, dem Illustratorenfestival &#8222;illu 16&#8220; und &#8222;illu18&#8220;, in der <a href=\"https:\/\/geekscologne.wordpress.com\/2018\/05\/08\/das-war-spritz-klatsch-glibber-zeichnen-der-gewalt-wunden-in-comics\/\">K\u00f6lner Stadtbibliothek,<\/a> auf dem Comic-Salon Erlangen &#8211; sowie immer wieder gerne im <a href=\"http:\/\/www.coeln-comic.de\/\">C\u00f6ln Comic Haus<\/a>.<\/p>\n\n\t\t<style type=\"text\/css\">\n\t\t\t#gallery-1 {\n\t\t\t\tmargin: auto;\n\t\t\t}\n\t\t\t#gallery-1 .gallery-item {\n\t\t\t\tfloat: left;\n\t\t\t\tmargin-top: 10px;\n\t\t\t\ttext-align: center;\n\t\t\t\twidth: 12%;\n\t\t\t}\n\t\t\t#gallery-1 img {\n\t\t\t\tborder: 2px solid #cfcfcf;\n\t\t\t}\n\t\t\t#gallery-1 .gallery-caption {\n\t\t\t\tmargin-left: 0;\n\t\t\t}\n\t\t\t\/* see gallery_shortcode() in wp-includes\/media.php *\/\n\t\t<\/style>\n\t\t<div id='gallery-1' class='gallery galleryid-5137 gallery-columns-8 gallery-size-thumbnail'><dl class='gallery-item'>\n\t\t\t<dt class='gallery-icon portrait'>\n\t\t\t\t<a href='https:\/\/fifties-horror.de\/?attachment_id=5463'><img loading=\"lazy\" decoding=\"async\" width=\"150\" height=\"150\" src=\"https:\/\/fifties-horror.de\/filecollection\/2014\/07\/FaltflyerFiftiesHorrorSeite1-150x150.jpg\" class=\"attachment-thumbnail size-thumbnail\" alt=\"\" \/><\/a>\n\t\t\t<\/dt><\/dl><dl class='gallery-item'>\n\t\t\t<dt class='gallery-icon portrait'>\n\t\t\t\t<a href='https:\/\/fifties-horror.de\/?attachment_id=5462'><img loading=\"lazy\" decoding=\"async\" width=\"150\" height=\"150\" src=\"https:\/\/fifties-horror.de\/filecollection\/2014\/07\/FaltflyerFiftiesHorrorSeite2-150x150.jpg\" class=\"attachment-thumbnail size-thumbnail\" alt=\"\" \/><\/a>\n\t\t\t<\/dt><\/dl><dl class='gallery-item'>\n\t\t\t<dt class='gallery-icon portrait'>\n\t\t\t\t<a href='https:\/\/fifties-horror.de\/?attachment_id=5461'><img loading=\"lazy\" decoding=\"async\" width=\"150\" height=\"150\" src=\"https:\/\/fifties-horror.de\/filecollection\/2014\/07\/FaltflyerFiftiesHorrorSeite3-150x150.jpg\" class=\"attachment-thumbnail size-thumbnail\" alt=\"\" \/><\/a>\n\t\t\t<\/dt><\/dl><dl class='gallery-item'>\n\t\t\t<dt class='gallery-icon portrait'>\n\t\t\t\t<a href='https:\/\/fifties-horror.de\/?attachment_id=5460'><img loading=\"lazy\" decoding=\"async\" width=\"150\" height=\"150\" src=\"https:\/\/fifties-horror.de\/filecollection\/2014\/07\/FaltflyerFiftiesHorrorSeite4-150x150.jpg\" class=\"attachment-thumbnail size-thumbnail\" alt=\"\" srcset=\"https:\/\/fifties-horror.de\/filecollection\/2014\/07\/FaltflyerFiftiesHorrorSeite4-150x150.jpg 150w, https:\/\/fifties-horror.de\/filecollection\/2014\/07\/FaltflyerFiftiesHorrorSeite4-624x630.jpg 624w\" sizes=\"(max-width: 150px) 100vw, 150px\" \/><\/a>\n\t\t\t<\/dt><\/dl><dl class='gallery-item'>\n\t\t\t<dt class='gallery-icon landscape'>\n\t\t\t\t<a href='https:\/\/fifties-horror.de\/?attachment_id=5459'><img loading=\"lazy\" decoding=\"async\" width=\"150\" height=\"150\" src=\"https:\/\/fifties-horror.de\/filecollection\/2014\/07\/FaltflyerFiftiesHorrorSeite5-150x150.jpg\" class=\"attachment-thumbnail size-thumbnail\" alt=\"\" \/><\/a>\n\t\t\t<\/dt><\/dl><dl class='gallery-item'>\n\t\t\t<dt class='gallery-icon landscape'>\n\t\t\t\t<a href='https:\/\/fifties-horror.de\/?attachment_id=5458'><img loading=\"lazy\" decoding=\"async\" width=\"150\" height=\"150\" src=\"https:\/\/fifties-horror.de\/filecollection\/2014\/07\/FaltflyerFiftiesHorrorSeite6-150x150.jpg\" class=\"attachment-thumbnail size-thumbnail\" alt=\"\" \/><\/a>\n\t\t\t<\/dt><\/dl><dl class='gallery-item'>\n\t\t\t<dt class='gallery-icon portrait'>\n\t\t\t\t<a href='https:\/\/fifties-horror.de\/?attachment_id=5457'><img loading=\"lazy\" decoding=\"async\" width=\"150\" height=\"150\" src=\"https:\/\/fifties-horror.de\/filecollection\/2014\/07\/FaltflyerFiftiesHorrorSeite7-150x150.jpg\" class=\"attachment-thumbnail size-thumbnail\" alt=\"\" \/><\/a>\n\t\t\t<\/dt><\/dl><dl class='gallery-item'>\n\t\t\t<dt class='gallery-icon landscape'>\n\t\t\t\t<a href='https:\/\/fifties-horror.de\/?attachment_id=5456'><img loading=\"lazy\" decoding=\"async\" width=\"150\" height=\"150\" src=\"https:\/\/fifties-horror.de\/filecollection\/2014\/07\/FaltflyerFiftiesHorrorSeite8-150x150.jpg\" class=\"attachment-thumbnail size-thumbnail\" alt=\"\" \/><\/a>\n\t\t\t<\/dt><\/dl><br style=\"clear: both\" \/>\n\t\t<\/div>\n\n<p>&#8212;&#8212;&#8212;&#8212;&#8212;&#8212;&#8212;&#8212;&#8212;&#8212;&#8212;&#8212;&#8212;&#8212;&#8212;&#8212;&#8212;&#8212;&#8212;&#8212;&#8212;&#8212;&#8212;&#8212;&#8212;&#8212;&#8212;&#8212;&#8212;&#8212;&#8212;&#8212;&#8212;&#8212;&#8212;&#8212;&#8212;&#8212;&#8212;&#8212;&#8212;&#8212;<\/p>\n<p>Mein Name ist <strong>Tillmann Courth<\/strong> &#8211; und ich bin der Macher dieser Seiten.<\/p>\n<p>Ich besch\u00e4ftige mich seit meiner Jugend mit Comics, bin jedoch kein Sammler und auch kein \u201eFanboy\u201c, sondern verstehe mich als <strong>Comic-Historiker und Journalist<\/strong> (der seit 2016 auch als Redakteur beim Fachmagazin <a href=\"http:\/\/comixene.com\/index.html\">COMIXENE <\/a>t\u00e4tig ist). Ich m\u00f6chte Comicfreunde aller Sparten dazu animieren, einen Blick auf die Erfindung der Gruselcomics in den 50er Jahren zu werfen \u2013 und eine sagenhafte Welt des Phantastischen zu entdecken!<\/p>\n<p>Es ist meine feste \u00dcberzeugung, dass es nie wieder solche vor Wildheit spr\u00fchenden, von Wahnsinn gebeutelten, von Seltsamkeit durchdrungenen, vor Kreativit\u00e4t berstenden und vor L\u00e4cherlichkeit strotzenden Bilderz\u00e4hlungen gegeben hat.<\/p>\n<div id=\"attachment_5138\" style=\"width: 1010px\" class=\"wp-caption aligncenter\"><a href=\"http:\/\/fifties-horror.de\/filecollection\/2014\/05\/Bookspread.jpg\"><img loading=\"lazy\" decoding=\"async\" aria-describedby=\"caption-attachment-5138\" class=\" wp-image-5138 \" src=\"http:\/\/fifties-horror.de\/filecollection\/2014\/05\/Bookspread.jpg\" alt=\"Bookspread\" width=\"1000\" height=\"750\" srcset=\"https:\/\/fifties-horror.de\/filecollection\/2014\/05\/Bookspread.jpg 1000w, https:\/\/fifties-horror.de\/filecollection\/2014\/05\/Bookspread-300x225.jpg 300w, https:\/\/fifties-horror.de\/filecollection\/2014\/05\/Bookspread-624x468.jpg 624w\" sizes=\"(max-width: 1000px) 100vw, 1000px\" \/><\/a><p id=\"caption-attachment-5138\" class=\"wp-caption-text\">Auswahl aufgetriebener Horrorhefte<\/p><\/div>\n<p>Das Comicheft der 40er und 50er Jahre ist <strong>Wegbereiter der heutigen Popkultur<\/strong>. Moderne Autoren und Filmemacher wie Stephen King, George Lucas und Steven Spielberg haben aus diesen Heften erkl\u00e4rterma\u00dfen ihre Inspirationen gesch\u00f6pft.<\/p>\n<p>Hier waren <strong>Pioniere am Werk<\/strong>, die ein Genre erfunden und definiert haben. Ich liebe diese ersten Horrorheftchen aus drei Gr\u00fcnden:\u00a0 Erstens sind es immer knackige Kurzgeschichten von meist 5 bis 8 Seiten L\u00e4nge.<\/p>\n<p>Zweitens findet sich hier alles \u2013 vom grafischen Meisterwerk bis hin zu lachhaftem Trash. Hier wird ein Spektrum geboten, das dem Betrachter den Atem verschl\u00e4gt.<\/p>\n<p>Drittens lassen sich Zeichner entdecken, die Weichen f\u00fcr ihr Medium gestellt haben. Die haben mit Lust und Liebe gestaltet, und das alles <strong>ohne jeden k\u00fcnstlerischen Anspruch<\/strong>. Diese Produkte sind keinesfalls Kunst gewesen. Es handelt sich in manchen F\u00e4llen um eine \u201eKunst aus Versehen\u201c. Das finde ich so faszinierend.<\/p>\n<p><strong>Ich m\u00f6chte mit FIFTIES HORROR das f\u00fcr mich spannendste Kapitel der US-Comicindustrie aufbereiten<\/strong> und einem breiten Publikum vorstellen, weil es einfach so herrlich wild und roh ist. Es wird sogar so wild, dass 1955 eine Zensur eingef\u00fchrt wird, um diese Ausw\u00fcchse zu stoppen.<\/p>\n<p>Die Precode-Gruselhefte der fr\u00fchen 50er Jahre (unter dem Begriff FIFTIES HORROR subsummiert) sind meine Leidenschaft. Ich investiere mit Vergn\u00fcgen viel Zeit, Kraft und Geld in dieses Projekt. Es ist mir eine Mission geworden, die Werbetrommel f\u00fcr diese (\u00fcbrigens im Internet kostenlos verf\u00fcgbaren) Heftchen zu r\u00fchren.<\/p>\n<p><strong>Deshalb halte ich Vortr\u00e4ge \u00fcber Horrorcomics und gestalte<\/strong> (wo es die R\u00e4umlichkeiten erlauben) <strong>auch Ausstellungen zum Thema.<\/strong><\/p>\n<p>Behilflich ist mir dabei die befreundete K\u00fcnstleragentur \u201e<a href=\"http:\/\/www.moma-artists.com\/wp\/\" target=\"_blank\">moma<\/a>\u201c, mit der ich 2013 im<br \/>\nD\u00fcsseldorfer \u201ereinraum\u201c eine wunderbar trashige <a href=\"http:\/\/www.rp-online.de\/nrw\/staedte\/duesseldorf\/stadtteile\/ausstellung-im-reinraum-zeigt-alte-comic-bilder-aid-1.3606050\" target=\"_blank\">Bilderschau <\/a>veranstalten durfte.<\/p>\n<p>Ich habe eine Menge gelernt (Scannen, Photoshop, WordPress), mich vielerorts engagiert<br \/>\n(Digital Comic Museum, Grand Comics Database, facebook-Horrorgruppen) und viele interessante Menschen online (und dann auch real!) kennengelernt (Sammler, Fans, Verleger, Zeichner).<\/p>\n<div id=\"attachment_5139\" style=\"width: 710px\" class=\"wp-caption aligncenter\"><a href=\"http:\/\/fifties-horror.de\/filecollection\/2014\/05\/Worksession_bearbeitet-1.jpg\"><img loading=\"lazy\" decoding=\"async\" aria-describedby=\"caption-attachment-5139\" class=\" wp-image-5139 \" src=\"http:\/\/fifties-horror.de\/filecollection\/2014\/05\/Worksession_bearbeitet-1.jpg\" alt=\"Worksession_bearbeitet-1\" width=\"700\" height=\"523\" srcset=\"https:\/\/fifties-horror.de\/filecollection\/2014\/05\/Worksession_bearbeitet-1.jpg 700w, https:\/\/fifties-horror.de\/filecollection\/2014\/05\/Worksession_bearbeitet-1-300x224.jpg 300w, https:\/\/fifties-horror.de\/filecollection\/2014\/05\/Worksession_bearbeitet-1-624x466.jpg 624w\" sizes=\"(max-width: 700px) 100vw, 700px\" \/><\/a><p id=\"caption-attachment-5139\" class=\"wp-caption-text\">Jim Vadeboncoeur, Jr. lacht \u00fcber mein Comicnerd-Gesicht<\/p><\/div>\n<p>Die Recherche an FIFTIES HORROR ist ein fortlaufender Prozess, dem ich noch einige Zeit widmen will. So arbeite ich zum Beispiel weltweit mit Sammlern und Historikern zusammen, um unbekannte Sch\u00e4tze zu heben und noch bisher ungesehene Hefte im Internet zu pr\u00e4sentieren.<\/p>\n<p>Auch meine Vortr\u00e4ge zum Thema werden immer wieder aktualisiert und in relevante <strong>historische Kontexte<\/strong> eingebunden (Entwicklung und Popularit\u00e4t des Comicheftes in den USA, gesellschaftliche Faktoren, Marktstrategien und Arbeitsbedingungen der Comicindustrie etc.).<\/p>\n<p>Gerne stehe ich zur Verf\u00fcgung, um an Schulen, Medieninstituten, Kunsthochschulen, Universit\u00e4ten, auf Comicmessen und Fan-Conventions oder auch in interessierten Privatzirkeln mein Wissen \u00fcber das popkulturelle Ph\u00e4nomen \u201eUS-Comic\u201c in unterhaltsamer und aufschlussreicher Form weiterzugeben.<\/p>\n<p>Z\u00f6gern Sie nicht mich zu kontaktieren!<br \/>\nIch werde erscheinen wie ein dienstbarer Flaschengeist\u2026<\/p>\n<div id=\"attachment_5140\" style=\"width: 1290px\" class=\"wp-caption aligncenter\"><a href=\"http:\/\/fifties-horror.de\/filecollection\/2014\/05\/MarkBilder.jpg\"><img loading=\"lazy\" decoding=\"async\" aria-describedby=\"caption-attachment-5140\" class=\" wp-image-5140\" src=\"http:\/\/fifties-horror.de\/filecollection\/2014\/05\/MarkBilder.jpg\" alt=\"MarkBilder\" width=\"1280\" height=\"960\" srcset=\"https:\/\/fifties-horror.de\/filecollection\/2014\/05\/MarkBilder.jpg 1280w, https:\/\/fifties-horror.de\/filecollection\/2014\/05\/MarkBilder-300x225.jpg 300w, https:\/\/fifties-horror.de\/filecollection\/2014\/05\/MarkBilder-1024x768.jpg 1024w, https:\/\/fifties-horror.de\/filecollection\/2014\/05\/MarkBilder-624x468.jpg 624w\" sizes=\"(max-width: 1280px) 100vw, 1280px\" \/><\/a><p id=\"caption-attachment-5140\" class=\"wp-caption-text\">Mark Beneckes Collage von der D\u00fcsseldorfer FIFTIES HORROR-Ausstellung<\/p><\/div>\n<p>Eine Kostprobe eines meiner Vortr\u00e4ge finden Sie auch auf YouTube.<br \/>\nAuf dem <strong>Comic-Salon Erlangen 2016 hielt ich eine halbst\u00fcndige Er\u00f6rterung \u00fcber US-Comichefte vor und nach dem Comics Code von 1955<\/strong>.<\/p>\n<p><iframe loading=\"lazy\" title=\"Vortrag: \u201eSex and Drugs and Politics\u201c \u2013 Weshalb Comic-Hefte 1955 zensiert werden mussten\" width=\"625\" height=\"352\" src=\"https:\/\/www.youtube.com\/embed\/7-dAoDmewDo?feature=oembed\" frameborder=\"0\" allow=\"accelerometer; autoplay; clipboard-write; encrypted-media; gyroscope; picture-in-picture; web-share\" referrerpolicy=\"strict-origin-when-cross-origin\" allowfullscreen><\/iframe><\/p>\n<p>&nbsp;<\/p>\n","protected":false},"excerpt":{"rendered":"<p>FIFTIES HORROR ist auch als Vortragsschau mit Lichtbildern zu erleben. In wahlweise 30 oder 60 Minuten pr\u00e4sentieren wir den Kosmos der ersten Horrorcomics als \u201eSchnellkurs\u201c f\u00fcr kulturell Interessierte \u2013 so geschehen im K\u00f6lner Filmhaus, der D\u00fcsseldorfer Galerie \u201ereinraum\u201c, auf der K\u00f6lner Comicmesse, den Jahrestagungen der ComFor, dem Illustratorenfestival &#8222;illu 16&#8220; und &#8222;illu18&#8220;, in der K\u00f6lner [&hellip;]<\/p>\n","protected":false},"author":4,"featured_media":0,"parent":0,"menu_order":0,"comment_status":"open","ping_status":"open","template":"","meta":{"footnotes":""},"_links":{"self":[{"href":"https:\/\/fifties-horror.de\/index.php?rest_route=\/wp\/v2\/pages\/5137"}],"collection":[{"href":"https:\/\/fifties-horror.de\/index.php?rest_route=\/wp\/v2\/pages"}],"about":[{"href":"https:\/\/fifties-horror.de\/index.php?rest_route=\/wp\/v2\/types\/page"}],"author":[{"embeddable":true,"href":"https:\/\/fifties-horror.de\/index.php?rest_route=\/wp\/v2\/users\/4"}],"replies":[{"embeddable":true,"href":"https:\/\/fifties-horror.de\/index.php?rest_route=%2Fwp%2Fv2%2Fcomments&post=5137"}],"version-history":[{"count":11,"href":"https:\/\/fifties-horror.de\/index.php?rest_route=\/wp\/v2\/pages\/5137\/revisions"}],"predecessor-version":[{"id":7864,"href":"https:\/\/fifties-horror.de\/index.php?rest_route=\/wp\/v2\/pages\/5137\/revisions\/7864"}],"wp:attachment":[{"href":"https:\/\/fifties-horror.de\/index.php?rest_route=%2Fwp%2Fv2%2Fmedia&parent=5137"}],"curies":[{"name":"wp","href":"https:\/\/api.w.org\/{rel}","templated":true}]}}