{"id":6479,"date":"2015-04-14T14:57:08","date_gmt":"2015-04-14T12:57:08","guid":{"rendered":"http:\/\/fifties-horror.de\/?page_id=6479"},"modified":"2017-01-12T17:41:20","modified_gmt":"2017-01-12T16:41:20","slug":"dc-horror","status":"publish","type":"page","link":"https:\/\/fifties-horror.de\/?page_id=6479","title":{"rendered":"DC HORROR"},"content":{"rendered":"<p>Der Verlag, der mit seinen Mega-Sellern SUPERMAN und BATMAN das Medium Comicheft ans Laufen brachte, w\u00e4hlt die zur\u00fcckhaltende und <b>\u201efamilientaugliche\u201c Herangehensweise<\/b> an die Comictrends der 40er Jahre. Als \u201ecrime comics\u201c wilde Bl\u00fcten treiben und dutzendweise ins Kraut schie\u00dfen, bedient DC den Markt mit den drei dezenten Titeln BIG TOWN, GANG BUSTERS und MR. DISTRICT ATTORNEY (\u00fcbrigens alles adaptierte Radio-Formate).<\/p>\n<p>\u00c4hnlich sch\u00fcchtern n\u00e4hert man sich dem Horror-Boom. Eigentlich h\u00e4lt man sich raus aus dem ekligen Gruselgesch\u00e4ft. Man macht ein Angebot, das in die Richtung zielt\u2026 und vermeidet tunlichst die Begriffe \u201eHorror\u201c und \u201eTerror\u201c. <b>Programmatisch ist von \u201eMystery\u201c die Rede. <\/b><\/p>\n<p><a href=\"http:\/\/fifties-horror.de\/filecollection\/2015\/10\/ArtistsCOVER8.jpg\"><img loading=\"lazy\" decoding=\"async\" class=\" wp-image-6480 alignright\" src=\"http:\/\/fifties-horror.de\/filecollection\/2015\/10\/ArtistsCOVER8.jpg\" alt=\"ArtistsCOVER8\" width=\"254\" height=\"370\" srcset=\"https:\/\/fifties-horror.de\/filecollection\/2015\/10\/ArtistsCOVER8.jpg 1100w, https:\/\/fifties-horror.de\/filecollection\/2015\/10\/ArtistsCOVER8-205x300.jpg 205w, https:\/\/fifties-horror.de\/filecollection\/2015\/10\/ArtistsCOVER8-624x912.jpg 624w\" sizes=\"(max-width: 254px) 100vw, 254px\" \/><\/a><b>HOUSE OF MYSTERY <\/b><\/p>\n<p><b>SENSATION MYSTERY <\/b><\/p>\n<p><b>PHANTOM STRANGER <\/b><\/p>\n<p>Diese drei Titel kann man unter DC HORROR subsumieren, wobei manche Comichistoriker die Reihe PHANTOM STRANGER nicht gelten lassen bzw. DC-Produkte komplett aus dem Kanon ausschlie\u00dfen!<\/p>\n<p>Das liegt daran, dass die Geschichten in diesen immerhin <strong>51 Heften der Precode-Zeit<\/strong> fast immer mit einer logischen Erkl\u00e4rung aufwarten.<br \/>\nEs sind <b>Fake-Horror-Stories<\/b>!<br \/>\nSie beginnen wie \u00fcbliche Gruselgeschichten, kippen zum Schluss jedoch in eine lachhaft konstruierte Aufl\u00f6sung \u2013 die zudem oft jeglicher Logik entbehrt. Ich habe dieses in der Tat traurige und zerm\u00fcrbende Erz\u00e4hlmuster den <b>\u201eDC ratio-twist\u201c<\/b> getauft.<\/p>\n<p>Beispiel: <em>Der k\u00f6rperlose Schatten eines Mordopfers verfolgt den T\u00e4ter und treibt diesen in den verdienten Tod. Dahinter steckte aber die Polizei, die den Verd\u00e4chtigen die ganze Zeit \u00fcberwacht hat und mit Schatten-Projektionen nerv\u00f6s machen wollte!<\/em><\/p>\n<p><a href=\"http:\/\/fifties-horror.de\/filecollection\/2015\/10\/HOM16Cover.jpg\"><img loading=\"lazy\" decoding=\"async\" class=\" wp-image-6481 alignleft\" src=\"http:\/\/fifties-horror.de\/filecollection\/2015\/10\/HOM16Cover.jpg\" alt=\"HOM#16Cover\" width=\"240\" height=\"356\" srcset=\"https:\/\/fifties-horror.de\/filecollection\/2015\/10\/HOM16Cover.jpg 400w, https:\/\/fifties-horror.de\/filecollection\/2015\/10\/HOM16Cover-202x300.jpg 202w\" sizes=\"(max-width: 240px) 100vw, 240px\" \/><\/a>Ich vermute, dass <b>Autoren<\/b>, die tags\u00fcber <b>Hefte mit grotesken Superhelden-Stories f\u00fcllen<\/b> m\u00fcssen, dann n\u00e4chstens \u00e4hnlich irre Konstrukte auf das Horrorgenre anwenden. DC HORROR ist ein von Betriebsblinden verschuldeter Unfall, von dem ich als Comicforscher den Blick nicht wenden kann (vor Abscheu gleicherma\u00dfen wir vor Bewunderung f\u00fcr einen kranken Geist bei der Arbeit).<\/p>\n<p>Lustigerweise enthalten die sechs (von der Horrorforschung ignorierten) Ausgaben von PHANTOM STRANGER noch die fantastischsten und \u00fcbernat\u00fcrlichsten Geschichten von DC HORROR:<br \/>\n<b>Die Figur des Phantom Stranger<\/b>, die hier aus der Taufe gehoben wird, geh\u00f6rt seitdem zum <b>festen Personal des DC Universums<\/b> und taucht durch die Jahrzehnte immer wieder auf (sogar in Neil Gaimans BOOKS OF MAGIC).<\/p>\n<p>Der Phantom Stranger ist eine Art Gott, ein aus dem Nichts auftauchender Fremder, der Menschen in Not assistiert. Ungew\u00f6hnlich f\u00fcr die Welt der Comics ist, dass diese Figur nie mit einem Namen oder einer Ursprungslegende belegt wird. Spekulationen halten ihn wahlweise f\u00fcr einen Kollegen des \u201eSpectre\u201c, einen freiberuflichen Erzengel oder gar den \u201eEwigen Juden\u201c.<\/p>\n<p>Die <b>Covergestaltung bei DC HORROR ist fad<\/b>. Ich m\u00f6chte es auf diese drei Buchstaben reduzieren: Fad. \u00d6d. Ha, sogar runter auf zwei\u2026 Am besten gefallen mir die von PHANTOM STRANGER.<\/p>\n<p>Ebenfalls <b>unspektakul\u00e4r ist das Artwork im Innenteil<\/b> der Hefte.<br \/>\nNichts, wof\u00fcr ich Feuer fange. Der gigantische Alex Toth hat drei (in mickrigen Zahlen: 3!)<br \/>\nGeschichten illustriert. Die unerreichten Highlights. Und die erscheinen nicht mal in den oben gelisteten Heften, sondern in den SENSATION COMICS Nr. 107-109 (danach wurde das Heft in SENSATION MYSTERY umbenannt). So, hab\u2018 ich die Info auch noch elegant untergebracht&#8230;<\/p>\n<p><a href=\"http:\/\/fifties-horror.de\/filecollection\/2015\/10\/ArtistsCOVER5.jpg\"><img loading=\"lazy\" decoding=\"async\" class=\" wp-image-6482 alignright\" src=\"http:\/\/fifties-horror.de\/filecollection\/2015\/10\/ArtistsCOVER5.jpg\" alt=\"ArtistsCOVER5\" width=\"259\" height=\"379\" srcset=\"https:\/\/fifties-horror.de\/filecollection\/2015\/10\/ArtistsCOVER5.jpg 1200w, https:\/\/fifties-horror.de\/filecollection\/2015\/10\/ArtistsCOVER5-205x300.jpg 205w, https:\/\/fifties-horror.de\/filecollection\/2015\/10\/ArtistsCOVER5-700x1024.jpg 700w, https:\/\/fifties-horror.de\/filecollection\/2015\/10\/ArtistsCOVER5-624x912.jpg 624w\" sizes=\"(max-width: 259px) 100vw, 259px\" \/><\/a>Der Rest k\u00f6chelt in einem <b>DC \u201ehouse style\u201c<\/b> daher, der keineswegs miserabel ist, aber jedes visuelle Experiment scheut und vermissen l\u00e4sst.<br \/>\n<b>Grafische Hausmannskost<\/b> von Curt Swan, Leonard Starr und Ruben Moreira. Ab und zu k\u00f6nnen Zeichner wie Carmine Infantino, Murphy Anderson, Bill Ely oder Ed Smalle dem DC-Eintopf ein bisschen W\u00fcrze verleihen durch den Einsatz ihrer organischeren Stilismen.<\/p>\n<p>Eine Besonderheit muss allerdings herausgestellt werden: DC erz\u00e4hlt \u00fcberraschend oft in der ersten Person. <b>\u00dcber ein Drittel aller Geschichten wird in der Ich-Form vorgetragen<\/b>!<\/p>\n<p>DC HORROR verzichtet auf wiederkehrende Hosts und Erz\u00e4hlerfiguren, aber dies ist ihre Form des \u201ehostings\u201c. Die Hauptperson verr\u00e4t uns ihre fantastischen Erlebnisse (<em>\u201cI Was a Sorcerer\u2019s Apprentice!\u201d<\/em>). Das bezieht den Leser einerseits zwar sch\u00f6n in die Handlung ein, doch andererseits ist damit vorab klar, dass wir keinen Horror erleben werden.<br \/>\nDenn es gilt: Dead men tell no tales \u2013 jedenfalls nicht bei DC\u2026<\/p>\n<p>Ein Fazit und <b>Schnellurteil:<br \/>\nDC HORROR pr\u00e4sentiert Formelgeschichten mit austauschbarem Artwork<\/b>.<br \/>\nIn der Tat vernachl\u00e4ssigbar. Ich hab mir dennoch die Arbeit gemacht und alle gelesen \u2013 weil es eben sonst noch niemand unternommen hat! Because I can!<\/p>\n<p>Irrsinnig viele weitere Infos und eine Heft-f\u00fcr-Heft-Besprechung finden sich demn\u00e4chst auf meiner englischen Vertiefungs-Webseite <a href=\"http:\/\/twistmyratio.de\/artists-of-dc\/\">DC HORROR<\/a> (auch dort abgehandelt werden die Hefte der Verlage Avon und Quality).<\/p>\n<div id=\"attachment_6483\" style=\"width: 863px\" class=\"wp-caption aligncenter\"><a href=\"http:\/\/fifties-horror.de\/filecollection\/2015\/10\/HouseMysterySPLASH2.jpg\"><img loading=\"lazy\" decoding=\"async\" aria-describedby=\"caption-attachment-6483\" class=\" wp-image-6483\" src=\"http:\/\/fifties-horror.de\/filecollection\/2015\/10\/HouseMysterySPLASH2.jpg\" alt=\"HouseMysterySPLASH2\" width=\"853\" height=\"1075\" srcset=\"https:\/\/fifties-horror.de\/filecollection\/2015\/10\/HouseMysterySPLASH2.jpg 853w, https:\/\/fifties-horror.de\/filecollection\/2015\/10\/HouseMysterySPLASH2-238x300.jpg 238w, https:\/\/fifties-horror.de\/filecollection\/2015\/10\/HouseMysterySPLASH2-812x1024.jpg 812w, https:\/\/fifties-horror.de\/filecollection\/2015\/10\/HouseMysterySPLASH2-624x786.jpg 624w\" sizes=\"(max-width: 853px) 100vw, 853px\" \/><\/a><p id=\"caption-attachment-6483\" class=\"wp-caption-text\">Typischer DC-Splash mit typischem DC-Artwork<\/p><\/div>\n<p style=\"text-align: center\">\n","protected":false},"excerpt":{"rendered":"<p>Der Verlag, der mit seinen Mega-Sellern SUPERMAN und BATMAN das Medium Comicheft ans Laufen brachte, w\u00e4hlt die zur\u00fcckhaltende und \u201efamilientaugliche\u201c Herangehensweise an die Comictrends der 40er Jahre. Als \u201ecrime comics\u201c wilde Bl\u00fcten treiben und dutzendweise ins Kraut schie\u00dfen, bedient DC den Markt mit den drei dezenten Titeln BIG TOWN, GANG BUSTERS und MR. DISTRICT ATTORNEY [&hellip;]<\/p>\n","protected":false},"author":4,"featured_media":0,"parent":3594,"menu_order":0,"comment_status":"open","ping_status":"open","template":"page-wissen.php","meta":{"footnotes":""},"_links":{"self":[{"href":"https:\/\/fifties-horror.de\/index.php?rest_route=\/wp\/v2\/pages\/6479"}],"collection":[{"href":"https:\/\/fifties-horror.de\/index.php?rest_route=\/wp\/v2\/pages"}],"about":[{"href":"https:\/\/fifties-horror.de\/index.php?rest_route=\/wp\/v2\/types\/page"}],"author":[{"embeddable":true,"href":"https:\/\/fifties-horror.de\/index.php?rest_route=\/wp\/v2\/users\/4"}],"replies":[{"embeddable":true,"href":"https:\/\/fifties-horror.de\/index.php?rest_route=%2Fwp%2Fv2%2Fcomments&post=6479"}],"version-history":[{"count":2,"href":"https:\/\/fifties-horror.de\/index.php?rest_route=\/wp\/v2\/pages\/6479\/revisions"}],"predecessor-version":[{"id":7340,"href":"https:\/\/fifties-horror.de\/index.php?rest_route=\/wp\/v2\/pages\/6479\/revisions\/7340"}],"up":[{"embeddable":true,"href":"https:\/\/fifties-horror.de\/index.php?rest_route=\/wp\/v2\/pages\/3594"}],"wp:attachment":[{"href":"https:\/\/fifties-horror.de\/index.php?rest_route=%2Fwp%2Fv2%2Fmedia&parent=6479"}],"curies":[{"name":"wp","href":"https:\/\/api.w.org\/{rel}","templated":true}]}}