{"id":7342,"date":"2017-01-12T17:44:52","date_gmt":"2017-01-12T16:44:52","guid":{"rendered":"http:\/\/fifties-horror.de\/?page_id=7342"},"modified":"2017-01-12T17:47:20","modified_gmt":"2017-01-12T16:47:20","slug":"avon-horror","status":"publish","type":"page","link":"https:\/\/fifties-horror.de\/?page_id=7342","title":{"rendered":"AVON HORROR"},"content":{"rendered":"<p>Der Groschenheftverlag Avon versucht sich von 1945-55 zehn Jahre lang im vermeintlich lukrativen Comicgesch\u00e4ft. Ihre Herkunft aus den Pulps k\u00f6nnen diese Hefte dann auch nie verhehlen: Die Cover sind das Billigste vom Billigen (meint: oft Pin-up-Motive, die auch noch schlecht gezeichnet sind).<\/p>\n<p><a href=\"http:\/\/fifties-horror.de\/filecollection\/2017\/01\/Eerie4Cover.jpg\"><img loading=\"lazy\" decoding=\"async\" class=\"alignright wp-image-7343\" src=\"http:\/\/fifties-horror.de\/filecollection\/2017\/01\/Eerie4Cover.jpg\" alt=\"Eerie4Cover\" width=\"350\" height=\"501\" srcset=\"https:\/\/fifties-horror.de\/filecollection\/2017\/01\/Eerie4Cover.jpg 700w, https:\/\/fifties-horror.de\/filecollection\/2017\/01\/Eerie4Cover-210x300.jpg 210w, https:\/\/fifties-horror.de\/filecollection\/2017\/01\/Eerie4Cover-624x892.jpg 624w\" sizes=\"(max-width: 350px) 100vw, 350px\" \/><\/a>Ein Markenzeichen von Avon ist die<br \/>\nPublikaton sogenanner \u201aone-shots\u2018, also Heften, die nur einmal erscheinen.<\/p>\n<p><strong>EERIE<\/strong>\u00a0\u00a0\u00a0\u00a0\u00a0\u00a0\u00a0 und<\/p>\n<p><strong>WITCHCRAFT<\/strong><\/p>\n<p>Hei\u00dfen die beiden Serien von AVON<br \/>\nHORROR, erg\u00e4nzt werden sie durch<br \/>\n<strong>5 One-Shots<\/strong>.<\/p>\n<p>Die Zeichner des Verlags geh\u00f6rten zu den Billigl\u00f6hnern der Branche. Das Artwork ist bestenfalls mittelm\u00e4\u00dfig zu nennen.<br \/>\nAllerdings finden sich einige \u201aAusrutscher\u2018 darunter: die ber\u00fcckend sch\u00f6nen Vorschau-Seiten von Kinstler, ein Cover von Kelly Freas, ein bisschen Kubert, das Beste, was Hollingsworth je illustriert hat. Und eine Geschichte von Wally Wood k\u00f6nnen sie aufbieten \u2026<\/p>\n<p>Offenbar haben diese paar in der Tat reizenden Qualit\u00e4tsbeitr\u00e4ge ausgereicht, dass Comicfreunde Avon hoch sch\u00e4tzen. Wer durchs Angebot st\u00f6bern mag, rufe meine englische Spezialseite <a href=\"http:\/\/twistmyratio.de\/\">AVON HORROR<\/a> auf. Dort finden Sie auch alles Wissenswerte \u00fcber die Precode-Horrorhefte der Verlage DC und Quality.<\/p>\n<p>&nbsp;<\/p>\n","protected":false},"excerpt":{"rendered":"<p>Der Groschenheftverlag Avon versucht sich von 1945-55 zehn Jahre lang im vermeintlich lukrativen Comicgesch\u00e4ft. Ihre Herkunft aus den Pulps k\u00f6nnen diese Hefte dann auch nie verhehlen: Die Cover sind das Billigste vom Billigen (meint: oft Pin-up-Motive, die auch noch schlecht gezeichnet sind). Ein Markenzeichen von Avon ist die Publikaton sogenanner \u201aone-shots\u2018, also Heften, die nur [&hellip;]<\/p>\n","protected":false},"author":4,"featured_media":0,"parent":3594,"menu_order":0,"comment_status":"closed","ping_status":"closed","template":"page-wissen.php","meta":{"footnotes":""},"_links":{"self":[{"href":"https:\/\/fifties-horror.de\/index.php?rest_route=\/wp\/v2\/pages\/7342"}],"collection":[{"href":"https:\/\/fifties-horror.de\/index.php?rest_route=\/wp\/v2\/pages"}],"about":[{"href":"https:\/\/fifties-horror.de\/index.php?rest_route=\/wp\/v2\/types\/page"}],"author":[{"embeddable":true,"href":"https:\/\/fifties-horror.de\/index.php?rest_route=\/wp\/v2\/users\/4"}],"replies":[{"embeddable":true,"href":"https:\/\/fifties-horror.de\/index.php?rest_route=%2Fwp%2Fv2%2Fcomments&post=7342"}],"version-history":[{"count":3,"href":"https:\/\/fifties-horror.de\/index.php?rest_route=\/wp\/v2\/pages\/7342\/revisions"}],"predecessor-version":[{"id":7346,"href":"https:\/\/fifties-horror.de\/index.php?rest_route=\/wp\/v2\/pages\/7342\/revisions\/7346"}],"up":[{"embeddable":true,"href":"https:\/\/fifties-horror.de\/index.php?rest_route=\/wp\/v2\/pages\/3594"}],"wp:attachment":[{"href":"https:\/\/fifties-horror.de\/index.php?rest_route=%2Fwp%2Fv2%2Fmedia&parent=7342"}],"curies":[{"name":"wp","href":"https:\/\/api.w.org\/{rel}","templated":true}]}}